{"id":5625,"date":"2025-01-13T12:27:40","date_gmt":"2025-01-13T11:27:40","guid":{"rendered":"https:\/\/gencotrade.es\/?page_id=5625"},"modified":"2025-04-11T12:02:12","modified_gmt":"2025-04-11T10:02:12","slug":"senegal","status":"publish","type":"page","link":"https:\/\/gencotrade.es\/fr\/senegal","title":{"rendered":"S\u00e9n\u00e9gal"},"content":{"rendered":"\n<section class=\"wp-block-uagb-columns uagb-columns__wrap uagb-columns__background-none uagb-columns__stack-mobile uagb-columns__valign- uagb-columns__gap-10 align uagb-block-6a74f9cd uagb-columns__columns-1 uagb-columns__max_width-theme uag-hide-desktop uag-hide-tab uag-hide-mob\"><div class=\"uagb-columns__overlay\"><\/div><div class=\"uagb-columns__inner-wrap uagb-columns__columns-1\">\n<div class=\"wp-block-uagb-column uagb-column__wrap uagb-column__background-undefined uagb-block-bdebbeb4\"><div class=\"uagb-column__overlay\"><\/div><style>.kt-svg-icons5622_b06e6e-e8 .kt-svg-item-0 .kb-svg-icon-wrap{color:var(--global-palette4, #2D3748);font-size:50px;}.wp-block-kadence-icon.kt-svg-icons5622_b06e6e-e8{justify-content:center;}<\/style>\n<div class=\"wp-block-kadence-icon kt-svg-icons kt-svg-icons5622_b06e6e-e8 alignnone\"><style>.kt-svg-item-5622_cc2c94-c3 .kb-svg-icon-wrap, .kt-svg-style-stacked.kt-svg-item-5622_cc2c94-c3 .kb-svg-icon-wrap{font-size:50px;}<\/style>\n<div class=\"wp-block-kadence-single-icon kt-svg-style-default kt-svg-icon-wrap kt-svg-item-5622_cc2c94-c3\"><span class=\"kb-svg-icon-wrap kb-svg-icon-fas_wrench\"><svg viewBox=\"0 0 512 512\"  fill=\"currentColor\" xmlns=\"http:\/\/www.w3.org\/2000\/svg\"  aria-hidden=\"true\"><path d=\"M507.73 109.1c-2.24-9.03-13.54-12.09-20.12-5.51l-74.36 74.36-67.88-11.31-11.31-67.88 74.36-74.36c6.62-6.62 3.43-17.9-5.66-20.16-47.38-11.74-99.55.91-136.58 37.93-39.64 39.64-50.55 97.1-34.05 147.2L18.74 402.76c-24.99 24.99-24.99 65.51 0 90.5 24.99 24.99 65.51 24.99 90.5 0l213.21-213.21c50.12 16.71 107.47 5.68 147.37-34.22 37.07-37.07 49.7-89.32 37.91-136.73zM64 472c-13.25 0-24-10.75-24-24 0-13.26 10.75-24 24-24s24 10.74 24 24c0 13.25-10.75 24-24 24z\"\/><\/svg><\/span><\/div>\n<\/div>\n\n\n<style>.wp-block-kadence-advancedheading.kt-adv-heading5622_cb2c11-17, .wp-block-kadence-advancedheading.kt-adv-heading5622_cb2c11-17[data-kb-block=\"kb-adv-heading5622_cb2c11-17\"]{text-align:center;font-size:55px;font-style:normal;}.wp-block-kadence-advancedheading.kt-adv-heading5622_cb2c11-17 mark.kt-highlight, .wp-block-kadence-advancedheading.kt-adv-heading5622_cb2c11-17[data-kb-block=\"kb-adv-heading5622_cb2c11-17\"] mark.kt-highlight{font-style:normal;color:var(--ast-global-color-0);-webkit-box-decoration-break:clone;box-decoration-break:clone;padding-top:0px;padding-right:0px;padding-left:0px;}.wp-block-kadence-advancedheading.kt-adv-heading5622_cb2c11-17 img.kb-inline-image, .wp-block-kadence-advancedheading.kt-adv-heading5622_cb2c11-17[data-kb-block=\"kb-adv-heading5622_cb2c11-17\"] img.kb-inline-image{width:150px;vertical-align:baseline;}@media all and (max-width: 767px){.wp-block-kadence-advancedheading.kt-adv-heading5622_cb2c11-17, .wp-block-kadence-advancedheading.kt-adv-heading5622_cb2c11-17[data-kb-block=\"kb-adv-heading5622_cb2c11-17\"]{font-size:40px;}}<\/style>\n<h1 class=\"kt-adv-heading5622_cb2c11-17 wp-block-kadence-advancedheading\" data-kb-block=\"kb-adv-heading5622_cb2c11-17\"><mark class=\"kt-highlight\">Page en maintenance<\/mark><\/h1>\n\n\n<style>.wp-block-kadence-advancedheading.kt-adv-heading5622_62cf93-16, .wp-block-kadence-advancedheading.kt-adv-heading5622_62cf93-16[data-kb-block=\"kb-adv-heading5622_62cf93-16\"]{text-align:center;font-size:17px;font-style:normal;color:#9f9f9f;}.wp-block-kadence-advancedheading.kt-adv-heading5622_62cf93-16 mark.kt-highlight, .wp-block-kadence-advancedheading.kt-adv-heading5622_62cf93-16[data-kb-block=\"kb-adv-heading5622_62cf93-16\"] mark.kt-highlight{font-style:normal;color:#f76a0c;-webkit-box-decoration-break:clone;box-decoration-break:clone;padding-top:0px;padding-right:0px;padding-bottom:0px;padding-left:0px;}.wp-block-kadence-advancedheading.kt-adv-heading5622_62cf93-16 img.kb-inline-image, .wp-block-kadence-advancedheading.kt-adv-heading5622_62cf93-16[data-kb-block=\"kb-adv-heading5622_62cf93-16\"] img.kb-inline-image{width:150px;vertical-align:baseline;}@media all and (max-width: 767px){.wp-block-kadence-advancedheading.kt-adv-heading5622_62cf93-16, .wp-block-kadence-advancedheading.kt-adv-heading5622_62cf93-16[data-kb-block=\"kb-adv-heading5622_62cf93-16\"]{font-size:16px;line-height:21px;}}<\/style>\n<p class=\"kt-adv-heading5622_62cf93-16 wp-block-kadence-advancedheading\" data-kb-block=\"kb-adv-heading5622_62cf93-16\">Nous serons bient\u00f4t de retour avec une exp\u00e9rience am\u00e9lior\u00e9e pour vous.<br\/><br\/>En attendant, vous pouvez explorer d\u2019autres sections de notre site Web ou nous contacter directement si vous avez besoin d\u2019informations.<\/p>\n\n\n<style>.wp-block-kadence-advancedbtn.kb-btns5622_f1d710-0d{gap:var(--global-kb-gap-xs, 0.5rem );justify-content:center;align-items:center;}.kt-btns5622_f1d710-0d .kt-button{font-weight:normal;font-style:normal;}<\/style>\n<div class=\"wp-block-kadence-advancedbtn kb-buttons-wrap kb-btns5622_f1d710-0d\"><style>ul.menu .wp-block-kadence-advancedbtn .kb-btn5622_1360da-78.kb-button{width:initial;}.wp-block-kadence-advancedbtn .kb-btn5622_1360da-78.kb-button{color:var(--ast-global-color-5);background:var(--ast-global-color-0);font-size:14px;border-top-left-radius:0px;border-top-right-radius:0px;border-bottom-right-radius:0px;border-bottom-left-radius:0px;border-top:0px solid #555555;border-right:0px solid #555555;border-bottom:0px solid #555555;border-left:0px solid #555555;}.wp-block-kadence-advancedbtn .kb-btn5622_1360da-78.kb-button:hover, .wp-block-kadence-advancedbtn .kb-btn5622_1360da-78.kb-button:focus{color:#ffffff;background:#444444;border-top-color:#444444;border-top-style:solid;border-right-color:#444444;border-right-style:solid;border-bottom-color:#444444;border-bottom-style:solid;border-left-color:#444444;border-left-style:solid;}@media all and (max-width: 1024px){.wp-block-kadence-advancedbtn .kb-btn5622_1360da-78.kb-button{border-top:0px solid #555555;border-right:0px solid #555555;border-bottom:0px solid #555555;border-left:0px solid #555555;}}@media all and (max-width: 1024px){.wp-block-kadence-advancedbtn .kb-btn5622_1360da-78.kb-button:hover, .wp-block-kadence-advancedbtn .kb-btn5622_1360da-78.kb-button:focus{border-top-color:#444444;border-top-style:solid;border-right-color:#444444;border-right-style:solid;border-bottom-color:#444444;border-bottom-style:solid;border-left-color:#444444;border-left-style:solid;}}@media all and (max-width: 767px){.wp-block-kadence-advancedbtn .kb-btn5622_1360da-78.kb-button{border-top:0px solid #555555;border-right:0px solid #555555;border-bottom:0px solid #555555;border-left:0px solid #555555;}.wp-block-kadence-advancedbtn .kb-btn5622_1360da-78.kb-button:hover, .wp-block-kadence-advancedbtn .kb-btn5622_1360da-78.kb-button:focus{border-top-color:#444444;border-top-style:solid;border-right-color:#444444;border-right-style:solid;border-bottom-color:#444444;border-bottom-style:solid;border-left-color:#444444;border-left-style:solid;}}<\/style><a class=\"kb-button kt-button button kb-btn5622_1360da-78 kt-btn-size-standard kt-btn-width-type-auto kb-btn-global-fill  kt-btn-has-text-true kt-btn-has-svg-false  wp-block-kadence-singlebtn\" href=\"https:\/\/gencotrade.es\/fr\"><span class=\"kt-btn-inner-text\">Haut de page<\/span><\/a><\/div>\n<\/div>\n<\/div><\/section>\n\n<section class=\"wp-block-uagb-columns uagb-columns__wrap uagb-columns__background-color uagb-columns__stack-mobile uagb-columns__valign- uagb-columns__gap-10 alignfull uagb-block-29368bb2 uagb-columns__columns-1 uagb-columns__max_width-theme\"><div class=\"uagb-columns__overlay\"><\/div><div class=\"uagb-columns__inner-wrap uagb-columns__columns-1\">\n<div class=\"wp-block-uagb-column uagb-column__wrap uagb-column__background-undefined uagb-block-20e28d5c\"><div class=\"uagb-column__overlay\"><\/div><style>.wp-block-kadence-advancedheading.kt-adv-heading5622_cd3ee1-ef, .wp-block-kadence-advancedheading.kt-adv-heading5622_cd3ee1-ef[data-kb-block=\"kb-adv-heading5622_cd3ee1-ef\"]{padding-bottom:0px;margin-bottom:0px;font-size:50px;font-style:normal;}.wp-block-kadence-advancedheading.kt-adv-heading5622_cd3ee1-ef mark.kt-highlight, .wp-block-kadence-advancedheading.kt-adv-heading5622_cd3ee1-ef[data-kb-block=\"kb-adv-heading5622_cd3ee1-ef\"] mark.kt-highlight{font-style:normal;color:#f76a0c;-webkit-box-decoration-break:clone;box-decoration-break:clone;padding-top:0px;padding-right:0px;padding-bottom:0px;padding-left:0px;}.wp-block-kadence-advancedheading.kt-adv-heading5622_cd3ee1-ef img.kb-inline-image, .wp-block-kadence-advancedheading.kt-adv-heading5622_cd3ee1-ef[data-kb-block=\"kb-adv-heading5622_cd3ee1-ef\"] img.kb-inline-image{width:150px;vertical-align:baseline;}@media all and (max-width: 767px){.wp-block-kadence-advancedheading.kt-adv-heading5622_cd3ee1-ef, .wp-block-kadence-advancedheading.kt-adv-heading5622_cd3ee1-ef[data-kb-block=\"kb-adv-heading5622_cd3ee1-ef\"]{font-size:40px;}}<\/style>\n<h2 class=\"kt-adv-heading5622_cd3ee1-ef wp-block-kadence-advancedheading has-ast-global-color-5-color has-text-color\" data-kb-block=\"kb-adv-heading5622_cd3ee1-ef\">S\u00e9n\u00e9gal<\/h2>\n<\/div>\n<\/div><\/section>\n\n<div class=\"wp-block-uagb-container uagb-block-540113c7 alignfull uagb-is-root-container\"><div class=\"uagb-container-inner-blocks-wrap\">\n<div class=\"wp-block-kioken-videobox kioken-videobox-_b7a250-15\" data-video-type=\"yt_vm_video\" data-video=\"https:\/\/youtu.be\/GQM-GxkGUyA?si=FYYU24V1DCWbUZ3M\" data-video-aspect-ratio=\"16:9\" data-video-volume=\"100\" data-click-action=\"plain\" data-object-id=\"_b7a250-15\"><div class=\"kioken-video-play-icon\"><div style=\"display:inline-flex;justify-content:center;align-items:center\"><svg xmlns=\"http:\/\/www.w3.org\/2000\/svg\" viewbox=\"0 0 24 24\" height=\"48\" width=\"48\" fill=\"currentColor\" style=\"fill:currentColor;display:inline-block;vertical-align:middle\" aria-hidden=\"true\"><path d=\"M8,5.14V19.14L19,12.14L8,5.14Z\"><\/path><\/svg><\/div><\/div><div class=\"kioken-video-loading-icon\"><span class=\"kioken-video-spinner\"><\/span><\/div><\/div>\n<\/div><\/div>\n","protected":false},"excerpt":{"rendered":"<p>Page en maintenance Nous serons bient\u00f4t de retour avec une exp\u00e9rience am\u00e9lior\u00e9e pour vous. En attendant, vous pouvez explorer d\u2019autres sections de notre site Web ou nous contacter directement si vous avez besoin d\u2019informations. S\u00e9n\u00e9gal<\/p>\n","protected":false},"author":1,"featured_media":0,"parent":0,"menu_order":0,"comment_status":"closed","ping_status":"closed","template":"","meta":{"_coblocks_attr":"","_coblocks_dimensions":"","_coblocks_responsive_height":"","_coblocks_accordion_ie_support":"","_uag_custom_page_level_css":"","kk_blocks_editor_width":"","_kiokenblocks_attr":"","_kiokenblocks_dimensions":"","site-sidebar-layout":"no-sidebar","site-content-layout":"plain-container","ast-site-content-layout":"normal-width-container","site-content-style":"unboxed","site-sidebar-style":"unboxed","ast-global-header-display":"","ast-banner-title-visibility":"","ast-main-header-display":"","ast-hfb-above-header-display":"","ast-hfb-below-header-display":"","ast-hfb-mobile-header-display":"","site-post-title":"disabled","ast-breadcrumbs-content":"","ast-featured-img":"","footer-sml-layout":"","ast-disable-related-posts":"","theme-transparent-header-meta":"","adv-header-id-meta":"","stick-header-meta":"","header-above-stick-meta":"","header-main-stick-meta":"","header-below-stick-meta":"","astra-migrate-meta-layouts":"set","ast-page-background-enabled":"default","ast-page-background-meta":{"desktop":{"background-color":"var(--ast-global-color-4)","background-image":"","background-repeat":"repeat","background-position":"center center","background-size":"auto","background-attachment":"scroll","background-type":"","background-media":"","overlay-type":"","overlay-color":"","overlay-opacity":"","overlay-gradient":""},"tablet":{"background-color":"","background-image":"","background-repeat":"repeat","background-position":"center center","background-size":"auto","background-attachment":"scroll","background-type":"","background-media":"","overlay-type":"","overlay-color":"","overlay-opacity":"","overlay-gradient":""},"mobile":{"background-color":"","background-image":"","background-repeat":"repeat","background-position":"center center","background-size":"auto","background-attachment":"scroll","background-type":"","background-media":"","overlay-type":"","overlay-color":"","overlay-opacity":"","overlay-gradient":""}},"ast-content-background-meta":{"desktop":{"background-color":"var(--ast-global-color-5)","background-image":"","background-repeat":"repeat","background-position":"center center","background-size":"auto","background-attachment":"scroll","background-type":"","background-media":"","overlay-type":"","overlay-color":"","overlay-opacity":"","overlay-gradient":""},"tablet":{"background-color":"var(--ast-global-color-5)","background-image":"","background-repeat":"repeat","background-position":"center center","background-size":"auto","background-attachment":"scroll","background-type":"","background-media":"","overlay-type":"","overlay-color":"","overlay-opacity":"","overlay-gradient":""},"mobile":{"background-color":"var(--ast-global-color-5)","background-image":"","background-repeat":"repeat","background-position":"center center","background-size":"auto","background-attachment":"scroll","background-type":"","background-media":"","overlay-type":"","overlay-color":"","overlay-opacity":"","overlay-gradient":""}},"footnotes":""},"class_list":["post-5625","page","type-page","status-publish","hentry"],"uagb_featured_image_src":{"full":false,"thumbnail":false,"medium":false,"medium_large":false,"large":false,"1536x1536":false,"2048x2048":false},"uagb_author_info":{"display_name":"empiezapori","author_link":"https:\/\/gencotrade.es\/fr\/author\/empiezapori"},"uagb_comment_info":0,"uagb_excerpt":"Page en maintenance Nous serons bient\u00f4t de retour avec une exp\u00e9rience am\u00e9lior\u00e9e pour vous. En attendant, vous pouvez explorer d\u2019autres sections de notre site Web ou nous contacter directement si vous avez besoin d\u2019informations. S\u00e9n\u00e9gal","_links":{"self":[{"href":"https:\/\/gencotrade.es\/fr\/wp-json\/wp\/v2\/pages\/5625","targetHints":{"allow":["GET"]}}],"collection":[{"href":"https:\/\/gencotrade.es\/fr\/wp-json\/wp\/v2\/pages"}],"about":[{"href":"https:\/\/gencotrade.es\/fr\/wp-json\/wp\/v2\/types\/page"}],"author":[{"embeddable":true,"href":"https:\/\/gencotrade.es\/fr\/wp-json\/wp\/v2\/users\/1"}],"replies":[{"embeddable":true,"href":"https:\/\/gencotrade.es\/fr\/wp-json\/wp\/v2\/comments?post=5625"}],"version-history":[{"count":5,"href":"https:\/\/gencotrade.es\/fr\/wp-json\/wp\/v2\/pages\/5625\/revisions"}],"predecessor-version":[{"id":6439,"href":"https:\/\/gencotrade.es\/fr\/wp-json\/wp\/v2\/pages\/5625\/revisions\/6439"}],"wp:attachment":[{"href":"https:\/\/gencotrade.es\/fr\/wp-json\/wp\/v2\/media?parent=5625"}],"curies":[{"name":"wp","href":"https:\/\/api.w.org\/{rel}","templated":true}]}}