{"id":5565,"date":"2025-01-13T12:52:10","date_gmt":"2025-01-13T11:52:10","guid":{"rendered":"https:\/\/gencotrade.es\/?page_id=5565"},"modified":"2025-01-13T12:56:04","modified_gmt":"2025-01-13T11:56:04","slug":"delegations","status":"publish","type":"page","link":"https:\/\/gencotrade.es\/fr\/delegations","title":{"rendered":"D\u00e9l\u00e9gations"},"content":{"rendered":"\n<section class=\"wp-block-uagb-columns uagb-columns__wrap uagb-columns__background-color uagb-columns__stack-mobile uagb-columns__valign- uagb-columns__gap-10 alignfull uagb-block-29368bb2 uagb-columns__columns-1 uagb-columns__max_width-theme\"><div class=\"uagb-columns__overlay\"><\/div><div class=\"uagb-columns__inner-wrap uagb-columns__columns-1\">\n<div class=\"wp-block-uagb-column uagb-column__wrap uagb-column__background-undefined uagb-block-20e28d5c\"><div class=\"uagb-column__overlay\"><\/div><style>.wp-block-kadence-advancedheading.kt-adv-heading5565_1b0d1b-df, .wp-block-kadence-advancedheading.kt-adv-heading5565_1b0d1b-df[data-kb-block=\"kb-adv-heading5565_1b0d1b-df\"]{padding-bottom:0px;margin-bottom:0px;font-size:50px;font-style:normal;}.wp-block-kadence-advancedheading.kt-adv-heading5565_1b0d1b-df mark.kt-highlight, .wp-block-kadence-advancedheading.kt-adv-heading5565_1b0d1b-df[data-kb-block=\"kb-adv-heading5565_1b0d1b-df\"] mark.kt-highlight{font-style:normal;color:#f76a0c;-webkit-box-decoration-break:clone;box-decoration-break:clone;padding-top:0px;padding-right:0px;padding-bottom:0px;padding-left:0px;}.wp-block-kadence-advancedheading.kt-adv-heading5565_1b0d1b-df img.kb-inline-image, .wp-block-kadence-advancedheading.kt-adv-heading5565_1b0d1b-df[data-kb-block=\"kb-adv-heading5565_1b0d1b-df\"] img.kb-inline-image{width:150px;vertical-align:baseline;}@media all and (max-width: 767px){.wp-block-kadence-advancedheading.kt-adv-heading5565_1b0d1b-df, .wp-block-kadence-advancedheading.kt-adv-heading5565_1b0d1b-df[data-kb-block=\"kb-adv-heading5565_1b0d1b-df\"]{font-size:40px;}}<\/style>\n<h2 class=\"kt-adv-heading5565_1b0d1b-df wp-block-kadence-advancedheading has-ast-global-color-5-color has-text-color\" data-kb-block=\"kb-adv-heading5565_1b0d1b-df\">des d\u00e9l\u00e9gations.<\/h2>\n<\/div>\n<\/div><\/section>\n\n\n\n<section class=\"wp-block-uagb-columns uagb-columns__wrap uagb-columns__background-none uagb-columns__stack-mobile uagb-columns__valign- uagb-columns__gap-10 align uagb-block-6a74f9cd uagb-columns__columns-1 uagb-columns__max_width-theme\"><div class=\"uagb-columns__overlay\"><\/div><div class=\"uagb-columns__inner-wrap uagb-columns__columns-1\">\n<div class=\"wp-block-uagb-column uagb-column__wrap uagb-column__background-undefined uagb-block-bdebbeb4\"><div class=\"uagb-column__overlay\"><\/div><style>.wp-block-kadence-advancedheading.kt-adv-heading5565_fabc7c-09, .wp-block-kadence-advancedheading.kt-adv-heading5565_fabc7c-09[data-kb-block=\"kb-adv-heading5565_fabc7c-09\"]{text-align:center;font-size:55px;font-style:normal;}.wp-block-kadence-advancedheading.kt-adv-heading5565_fabc7c-09 mark.kt-highlight, .wp-block-kadence-advancedheading.kt-adv-heading5565_fabc7c-09[data-kb-block=\"kb-adv-heading5565_fabc7c-09\"] mark.kt-highlight{font-style:normal;color:var(--ast-global-color-0);-webkit-box-decoration-break:clone;box-decoration-break:clone;padding-top:0px;padding-right:0px;padding-left:0px;}.wp-block-kadence-advancedheading.kt-adv-heading5565_fabc7c-09 img.kb-inline-image, .wp-block-kadence-advancedheading.kt-adv-heading5565_fabc7c-09[data-kb-block=\"kb-adv-heading5565_fabc7c-09\"] img.kb-inline-image{width:150px;vertical-align:baseline;}@media all and (max-width: 767px){.wp-block-kadence-advancedheading.kt-adv-heading5565_fabc7c-09, .wp-block-kadence-advancedheading.kt-adv-heading5565_fabc7c-09[data-kb-block=\"kb-adv-heading5565_fabc7c-09\"]{font-size:40px;}}<\/style>\n<h1 class=\"kt-adv-heading5565_fabc7c-09 wp-block-kadence-advancedheading\" data-kb-block=\"kb-adv-heading5565_fabc7c-09\">D\u00e9l\u00e9gations commerciales de Genco :<br><mark class=\"kt-highlight\">Un engagement \u00e9troit dans chaque r\u00e9gion<\/mark><\/h1>\n\n\n<style>.wp-block-kadence-advancedheading.kt-adv-heading5565_e64d58-49, .wp-block-kadence-advancedheading.kt-adv-heading5565_e64d58-49[data-kb-block=\"kb-adv-heading5565_e64d58-49\"]{text-align:center;font-size:17px;font-style:normal;color:#9f9f9f;}.wp-block-kadence-advancedheading.kt-adv-heading5565_e64d58-49 mark.kt-highlight, .wp-block-kadence-advancedheading.kt-adv-heading5565_e64d58-49[data-kb-block=\"kb-adv-heading5565_e64d58-49\"] mark.kt-highlight{font-style:normal;color:#f76a0c;-webkit-box-decoration-break:clone;box-decoration-break:clone;padding-top:0px;padding-right:0px;padding-bottom:0px;padding-left:0px;}.wp-block-kadence-advancedheading.kt-adv-heading5565_e64d58-49 img.kb-inline-image, .wp-block-kadence-advancedheading.kt-adv-heading5565_e64d58-49[data-kb-block=\"kb-adv-heading5565_e64d58-49\"] img.kb-inline-image{width:150px;vertical-align:baseline;}@media all and (max-width: 767px){.wp-block-kadence-advancedheading.kt-adv-heading5565_e64d58-49, .wp-block-kadence-advancedheading.kt-adv-heading5565_e64d58-49[data-kb-block=\"kb-adv-heading5565_e64d58-49\"]{font-size:16px;line-height:21px;}}<\/style>\n<p class=\"kt-adv-heading5565_e64d58-49 wp-block-kadence-advancedheading\" data-kb-block=\"kb-adv-heading5565_e64d58-49\">Chez Genco Trade, notre mission est d&rsquo;\u00eatre toujours proche de nos clients, en offrant des solutions personnalis\u00e9es et une assistance locale dans tous les coins o\u00f9 nous op\u00e9rons. <br>Nous disposons d&rsquo;agences strat\u00e9giquement situ\u00e9es pour garantir un service rapide, efficace et adapt\u00e9 aux besoins sp\u00e9cifiques de chaque r\u00e9gion. Explorez nos agences et d\u00e9couvrez comment nous nous effor\u00e7ons d&rsquo;amener l&rsquo;innovation, la qualit\u00e9 et le service \u00e0 la client\u00e8le vers de nouveaux horizons.<\/p>\n<\/div>\n<\/div><\/section>\n\n\n<style>.kb-row-layout-id5565_2a4403-22 > .kt-row-column-wrap{align-content:start;}:where(.kb-row-layout-id5565_2a4403-22 > .kt-row-column-wrap) > .wp-block-kadence-column{justify-content:start;}.kb-row-layout-id5565_2a4403-22 > .kt-row-column-wrap{column-gap:var(--global-kb-gap-md, 2rem);row-gap:var(--global-kb-gap-md, 2rem);padding-top:var(--global-kb-spacing-sm, 1.5rem);padding-bottom:var(--global-kb-spacing-sm, 1.5rem);grid-template-columns:minmax(0, 1fr);}.kb-row-layout-id5565_2a4403-22 > .kt-row-layout-overlay{opacity:0.30;}@media all and (max-width: 1024px){.kb-row-layout-id5565_2a4403-22 > .kt-row-column-wrap{grid-template-columns:minmax(0, 1fr);}}@media all and (max-width: 767px){.kb-row-layout-id5565_2a4403-22 > .kt-row-column-wrap{grid-template-columns:minmax(0, 1fr);}}<\/style><div class=\"kb-row-layout-wrap kb-row-layout-id5565_2a4403-22 alignnone wp-block-kadence-rowlayout\"><div class=\"kt-row-column-wrap kt-has-1-columns kt-row-layout-equal kt-tab-layout-inherit kt-mobile-layout-row kt-row-valign-top\">\n<style>.kadence-column5565_e6f118-67 > .kt-inside-inner-col,.kadence-column5565_e6f118-67 > .kt-inside-inner-col:before{border-top-left-radius:0px;border-top-right-radius:0px;border-bottom-right-radius:0px;border-bottom-left-radius:0px;}.kadence-column5565_e6f118-67 > .kt-inside-inner-col{column-gap:var(--global-kb-gap-sm, 1rem);}.kadence-column5565_e6f118-67 > .kt-inside-inner-col{flex-direction:column;}.kadence-column5565_e6f118-67 > .kt-inside-inner-col > .aligncenter{width:100%;}.kadence-column5565_e6f118-67 > .kt-inside-inner-col:before{opacity:0.3;}.kadence-column5565_e6f118-67{position:relative;}@media all and (max-width: 1024px){.kadence-column5565_e6f118-67 > .kt-inside-inner-col{flex-direction:column;justify-content:center;}}@media all and (max-width: 767px){.kadence-column5565_e6f118-67 > .kt-inside-inner-col{flex-direction:column;justify-content:center;}}<\/style>\n<div class=\"wp-block-kadence-column kadence-column5565_e6f118-67\"><div class=\"kt-inside-inner-col\"><style>.kb-gallery-id-5565_70a702-52.kb-gallery-ul.kb-gallery-type-fluidcarousel .kt-blocks-carousel figure .kb-gal-image-radius, .kb-gallery-id-5565_70a702-52.kb-gallery-ul.kb-gallery-type-fluidcarousel .kt-blocks-carousel figure .kb-gal-image-radius img{height:300px;}.kb-gallery-id-5565_70a702-52 .kadence-blocks-gallery-item .kb-gal-image-radius, .kb-gallery-id-5565_70a702-52 .kb-slide-item .kb-gal-image-radius img{border-radius:0px 0px 0px 0px;;}.kb-gallery-id-5565_70a702-52 .kadence-blocks-gallery-item .kadence-blocks-gallery-item-inner .kadence-blocks-gallery-item__caption{font-size:var(--global-kb-font-size-md, 1.25rem);}.kb-gallery-caption-style-bottom.kb-gallery-id-5565_70a702-52 .kadence-blocks-gallery-item .kadence-blocks-gallery-item-inner .kadence-blocks-gallery-item__caption, .kb-gallery-caption-style-bottom-hover.kb-gallery-id-5565_70a702-52 .kadence-blocks-gallery-item .kadence-blocks-gallery-item-inner .kadence-blocks-gallery-item__caption{background:linear-gradient(0deg, rgba(0, 0, 0, 0.5) 0, rgba(0, 0, 0, 0) 100%);}.kb-gallery-wrap-id-5565_70a702-52.wp-block-kadence-advancedgallery{overflow:visible;}.kb-gallery-wrap-id-5565_70a702-52.wp-block-kadence-advancedgallery .kt-blocks-carousel{overflow:visible;max-width:100%;}<\/style><div class=\"kb-gallery-wrap-id-5565_70a702-52 alignnone wp-block-kadence-advancedgallery\"><div class=\"kb-gallery-ul kb-gallery-non-static kb-gallery-type-fluidcarousel kb-gallery-id-5565_70a702-52 kb-gallery-caption-style-bottom kb-gallery-filter-none\" data-image-filter=\"none\" data-lightbox-caption=\"true\"><div class=\"kt-blocks-carousel splide kt-carousel-container-dotstyle-dark kt-carousel-arrowstyle-whiteondark kt-carousel-dotstyle-dark kb-slider-group-arrow kb-slider-arrow-position-center\" data-slider-anim-speed=\"400\" data-slider-scroll=\"1\" data-slider-arrows=\"true\" data-slider-dots=\"true\" data-slider-hover-pause=\"false\" data-slider-auto=\"\" data-slider-speed=\"7000\" data-slider-type=\"fluidcarousel\" data-slider-center-mode=\"true\" data-slider-gap=\"10px\" data-slider-gap-tablet=\"10px\" data-slider-gap-mobile=\"10px\" data-show-pause-button=\"false\"><div class=\"splide__track\"><ul class=\"kt-blocks-carousel-init kb-blocks-fluid-carousel splide__list\"><li class=\"kb-slide-item kb-gallery-carousel-item splide__slide\"><div class=\"kadence-blocks-gallery-item\"><div class=\"kadence-blocks-gallery-item-inner\"><figure class=\"kb-gallery-figure kb-gallery-item-has-link kadence-blocks-gallery-item-has-caption\"><a href=\"https:\/\/gencotrade.es\/fr\/polimeros\" class=\"kb-gallery-item-link\" target=\"_blank\" rel=\"noopener noreferrer\"><div class=\"kb-gal-image-radius\"><div class=\"kb-gallery-image-contain\" ><img loading=\"lazy\" decoding=\"async\" src=\"https:\/\/gencotrade.es\/wp-content\/uploads\/2025\/01\/flag-spain-1024x683.jpg\" width=\"1024\" height=\"683\" alt=\"\" data-full-image=\"https:\/\/gencotrade.es\/wp-content\/uploads\/2025\/01\/flag-spain-scaled.jpg\" data-light-image=\"https:\/\/gencotrade.es\/wp-content\/uploads\/2025\/01\/flag-spain-scaled.jpg\" data-id=\"5577\" class=\"wp-image-5577 skip-lazy\" srcset=\"https:\/\/gencotrade.es\/wp-content\/uploads\/2025\/01\/flag-spain-1024x683.jpg 1024w, https:\/\/gencotrade.es\/wp-content\/uploads\/2025\/01\/flag-spain-300x200.jpg 300w, https:\/\/gencotrade.es\/wp-content\/uploads\/2025\/01\/flag-spain-768x512.jpg 768w, https:\/\/gencotrade.es\/wp-content\/uploads\/2025\/01\/flag-spain-1536x1024.jpg 1536w, https:\/\/gencotrade.es\/wp-content\/uploads\/2025\/01\/flag-spain-2048x1365.jpg 2048w\" sizes=\"auto, (max-width: 1024px) 100vw, 1024px\" \/><\/div><div class=\"kadence-blocks-gallery-item__caption\">Espagne<\/div><\/div><\/a><\/figure><\/div><\/div><\/li><li class=\"kb-slide-item kb-gallery-carousel-item splide__slide\"><div class=\"kadence-blocks-gallery-item\"><div class=\"kadence-blocks-gallery-item-inner\"><figure class=\"kb-gallery-figure kb-gallery-item-has-link kadence-blocks-gallery-item-has-caption\"><a href=\"https:\/\/gencotrade.es\/fr\/senegal\" class=\"kb-gallery-item-link\" target=\"_blank\" rel=\"noopener noreferrer\"><div class=\"kb-gal-image-radius\"><div class=\"kb-gallery-image-contain\" ><img loading=\"lazy\" decoding=\"async\" src=\"https:\/\/gencotrade.es\/wp-content\/uploads\/2025\/01\/flag-senegal-1024x683.jpg\" width=\"1024\" height=\"683\" alt=\"\" data-full-image=\"https:\/\/gencotrade.es\/wp-content\/uploads\/2025\/01\/flag-senegal-scaled.jpg\" data-light-image=\"https:\/\/gencotrade.es\/wp-content\/uploads\/2025\/01\/flag-senegal-scaled.jpg\" data-id=\"5581\" class=\"wp-image-5581 skip-lazy\" srcset=\"https:\/\/gencotrade.es\/wp-content\/uploads\/2025\/01\/flag-senegal-1024x683.jpg 1024w, https:\/\/gencotrade.es\/wp-content\/uploads\/2025\/01\/flag-senegal-300x200.jpg 300w, https:\/\/gencotrade.es\/wp-content\/uploads\/2025\/01\/flag-senegal-768x512.jpg 768w, https:\/\/gencotrade.es\/wp-content\/uploads\/2025\/01\/flag-senegal-1536x1024.jpg 1536w, https:\/\/gencotrade.es\/wp-content\/uploads\/2025\/01\/flag-senegal-2048x1365.jpg 2048w\" sizes=\"auto, (max-width: 1024px) 100vw, 1024px\" \/><\/div><div class=\"kadence-blocks-gallery-item__caption\">S\u00e9n\u00e9gal<\/div><\/div><\/a><\/figure><\/div><\/div><\/li><li class=\"kb-slide-item kb-gallery-carousel-item splide__slide\"><div class=\"kadence-blocks-gallery-item\"><div class=\"kadence-blocks-gallery-item-inner\"><figure class=\"kb-gallery-figure kb-gallery-item-has-link kadence-blocks-gallery-item-has-caption\"><a href=\"https:\/\/gencotrade.es\/fr\/gambia\" class=\"kb-gallery-item-link\" target=\"_blank\" rel=\"noopener noreferrer\"><div class=\"kb-gal-image-radius\"><div class=\"kb-gallery-image-contain\" ><img loading=\"lazy\" decoding=\"async\" src=\"https:\/\/gencotrade.es\/wp-content\/uploads\/2025\/01\/flag-gambia-1024x683.jpg\" width=\"1024\" height=\"683\" alt=\"\" data-full-image=\"https:\/\/gencotrade.es\/wp-content\/uploads\/2025\/01\/flag-gambia-scaled.jpg\" data-light-image=\"https:\/\/gencotrade.es\/wp-content\/uploads\/2025\/01\/flag-gambia-scaled.jpg\" data-id=\"5569\" class=\"wp-image-5569 skip-lazy\" srcset=\"https:\/\/gencotrade.es\/wp-content\/uploads\/2025\/01\/flag-gambia-1024x683.jpg 1024w, https:\/\/gencotrade.es\/wp-content\/uploads\/2025\/01\/flag-gambia-300x200.jpg 300w, https:\/\/gencotrade.es\/wp-content\/uploads\/2025\/01\/flag-gambia-768x512.jpg 768w, https:\/\/gencotrade.es\/wp-content\/uploads\/2025\/01\/flag-gambia-1536x1024.jpg 1536w, https:\/\/gencotrade.es\/wp-content\/uploads\/2025\/01\/flag-gambia-2048x1365.jpg 2048w\" sizes=\"auto, (max-width: 1024px) 100vw, 1024px\" \/><\/div><div class=\"kadence-blocks-gallery-item__caption\">Gambie<\/div><\/div><\/a><\/figure><\/div><\/div><\/li><li class=\"kb-slide-item kb-gallery-carousel-item splide__slide\"><div class=\"kadence-blocks-gallery-item\"><div class=\"kadence-blocks-gallery-item-inner\"><figure class=\"kb-gallery-figure kb-gallery-item-has-link kadence-blocks-gallery-item-has-caption\"><a href=\"https:\/\/gencotrade.es\/fr\/mali\" class=\"kb-gallery-item-link\" target=\"_blank\" rel=\"noopener noreferrer\"><div class=\"kb-gal-image-radius\"><div class=\"kb-gallery-image-contain\" ><img loading=\"lazy\" decoding=\"async\" src=\"https:\/\/gencotrade.es\/wp-content\/uploads\/2025\/01\/flag-mali-1024x683.jpg\" width=\"1024\" height=\"683\" alt=\"\" data-full-image=\"https:\/\/gencotrade.es\/wp-content\/uploads\/2025\/01\/flag-mali-scaled.jpg\" data-light-image=\"https:\/\/gencotrade.es\/wp-content\/uploads\/2025\/01\/flag-mali-scaled.jpg\" data-id=\"5585\" class=\"wp-image-5585 skip-lazy\" srcset=\"https:\/\/gencotrade.es\/wp-content\/uploads\/2025\/01\/flag-mali-1024x683.jpg 1024w, https:\/\/gencotrade.es\/wp-content\/uploads\/2025\/01\/flag-mali-300x200.jpg 300w, https:\/\/gencotrade.es\/wp-content\/uploads\/2025\/01\/flag-mali-768x512.jpg 768w, https:\/\/gencotrade.es\/wp-content\/uploads\/2025\/01\/flag-mali-1536x1024.jpg 1536w, https:\/\/gencotrade.es\/wp-content\/uploads\/2025\/01\/flag-mali-2048x1365.jpg 2048w\" sizes=\"auto, (max-width: 1024px) 100vw, 1024px\" \/><\/div><div class=\"kadence-blocks-gallery-item__caption\">Mali<\/div><\/div><\/a><\/figure><\/div><\/div><\/li><li class=\"kb-slide-item kb-gallery-carousel-item splide__slide\"><div class=\"kadence-blocks-gallery-item\"><div class=\"kadence-blocks-gallery-item-inner\"><figure class=\"kb-gallery-figure kb-gallery-item-has-link kadence-blocks-gallery-item-has-caption\"><a href=\"https:\/\/www.youtube.com\/watch?v=nL60kjsJfkQ\" class=\"kb-gallery-item-link\" target=\"_blank\" rel=\"noopener noreferrer\"><div class=\"kb-gal-image-radius\"><div class=\"kb-gallery-image-contain\" ><img loading=\"lazy\" decoding=\"async\" src=\"https:\/\/gencotrade.es\/wp-content\/uploads\/2025\/01\/flag-mauritania-1024x683.jpg\" width=\"1024\" height=\"683\" alt=\"\" data-full-image=\"https:\/\/gencotrade.es\/wp-content\/uploads\/2025\/01\/flag-mauritania-scaled.jpg\" data-light-image=\"https:\/\/gencotrade.es\/wp-content\/uploads\/2025\/01\/flag-mauritania-scaled.jpg\" data-id=\"5573\" class=\"wp-image-5573 skip-lazy\" srcset=\"https:\/\/gencotrade.es\/wp-content\/uploads\/2025\/01\/flag-mauritania-1024x683.jpg 1024w, https:\/\/gencotrade.es\/wp-content\/uploads\/2025\/01\/flag-mauritania-300x200.jpg 300w, https:\/\/gencotrade.es\/wp-content\/uploads\/2025\/01\/flag-mauritania-768x512.jpg 768w, https:\/\/gencotrade.es\/wp-content\/uploads\/2025\/01\/flag-mauritania-1536x1024.jpg 1536w, https:\/\/gencotrade.es\/wp-content\/uploads\/2025\/01\/flag-mauritania-2048x1365.jpg 2048w\" sizes=\"auto, (max-width: 1024px) 100vw, 1024px\" \/><\/div><div class=\"kadence-blocks-gallery-item__caption\">Mauritanie<\/div><\/div><\/a><\/figure><\/div><\/div><\/li><\/ul><\/div><\/div><\/div><\/div><\/div><\/div>\n\n<\/div><\/div>\n\n\n<div class=\"wp-block-cover alignfull is-light has-parallax\" style=\"min-height:800px;aspect-ratio:unset;\"><span aria-hidden=\"true\" class=\"wp-block-cover__background has-background-dim-0 has-background-dim\"><\/span><div class=\"wp-block-cover__image-background wp-image-1149 has-parallax\" style=\"background-position:50% 50%;background-image:url(https:\/\/gencotrade.es\/wp-content\/uploads\/2022\/01\/gencotrade-reciclaje-polimeros-1.webp)\"><\/div><div class=\"wp-block-cover__inner-container is-layout-flow wp-block-cover-is-layout-flow\">\n<p class=\"has-text-align-center has-large-font-size\"><\/p>\n<\/div><\/div>\n","protected":false},"excerpt":{"rendered":"<p>des d\u00e9l\u00e9gations. D\u00e9l\u00e9gations commerciales de Genco :Un engagement \u00e9troit dans chaque r\u00e9gion Chez Genco Trade, notre mission est d&rsquo;\u00eatre toujours proche de nos clients, en offrant des solutions personnalis\u00e9es et une assistance locale dans tous les coins o\u00f9 nous op\u00e9rons. Nous disposons d&rsquo;agences strat\u00e9giquement situ\u00e9es pour garantir un service rapide, efficace et adapt\u00e9 aux besoins [&hellip;]<\/p>\n","protected":false},"author":1,"featured_media":0,"parent":0,"menu_order":0,"comment_status":"closed","ping_status":"closed","template":"","meta":{"_coblocks_attr":"","_coblocks_dimensions":"","_coblocks_responsive_height":"","_coblocks_accordion_ie_support":"","_uag_custom_page_level_css":"","kk_blocks_editor_width":"","_kiokenblocks_attr":"","_kiokenblocks_dimensions":"","site-sidebar-layout":"no-sidebar","site-content-layout":"plain-container","ast-site-content-layout":"normal-width-container","site-content-style":"unboxed","site-sidebar-style":"unboxed","ast-global-header-display":"","ast-banner-title-visibility":"","ast-main-header-display":"","ast-hfb-above-header-display":"","ast-hfb-below-header-display":"","ast-hfb-mobile-header-display":"","site-post-title":"disabled","ast-breadcrumbs-content":"","ast-featured-img":"","footer-sml-layout":"","ast-disable-related-posts":"","theme-transparent-header-meta":"","adv-header-id-meta":"","stick-header-meta":"","header-above-stick-meta":"","header-main-stick-meta":"","header-below-stick-meta":"","astra-migrate-meta-layouts":"set","ast-page-background-enabled":"default","ast-page-background-meta":{"desktop":{"background-color":"var(--ast-global-color-4)","background-image":"","background-repeat":"repeat","background-position":"center center","background-size":"auto","background-attachment":"scroll","background-type":"","background-media":"","overlay-type":"","overlay-color":"","overlay-opacity":"","overlay-gradient":""},"tablet":{"background-color":"","background-image":"","background-repeat":"repeat","background-position":"center center","background-size":"auto","background-attachment":"scroll","background-type":"","background-media":"","overlay-type":"","overlay-color":"","overlay-opacity":"","overlay-gradient":""},"mobile":{"background-color":"","background-image":"","background-repeat":"repeat","background-position":"center center","background-size":"auto","background-attachment":"scroll","background-type":"","background-media":"","overlay-type":"","overlay-color":"","overlay-opacity":"","overlay-gradient":""}},"ast-content-background-meta":{"desktop":{"background-color":"var(--ast-global-color-5)","background-image":"","background-repeat":"repeat","background-position":"center center","background-size":"auto","background-attachment":"scroll","background-type":"","background-media":"","overlay-type":"","overlay-color":"","overlay-opacity":"","overlay-gradient":""},"tablet":{"background-color":"var(--ast-global-color-5)","background-image":"","background-repeat":"repeat","background-position":"center center","background-size":"auto","background-attachment":"scroll","background-type":"","background-media":"","overlay-type":"","overlay-color":"","overlay-opacity":"","overlay-gradient":""},"mobile":{"background-color":"var(--ast-global-color-5)","background-image":"","background-repeat":"repeat","background-position":"center center","background-size":"auto","background-attachment":"scroll","background-type":"","background-media":"","overlay-type":"","overlay-color":"","overlay-opacity":"","overlay-gradient":""}},"footnotes":""},"class_list":["post-5565","page","type-page","status-publish","hentry"],"uagb_featured_image_src":{"full":false,"thumbnail":false,"medium":false,"medium_large":false,"large":false,"1536x1536":false,"2048x2048":false},"uagb_author_info":{"display_name":"empiezapori","author_link":"https:\/\/gencotrade.es\/fr\/author\/empiezapori"},"uagb_comment_info":0,"uagb_excerpt":"des d\u00e9l\u00e9gations. D\u00e9l\u00e9gations commerciales de Genco :Un engagement \u00e9troit dans chaque r\u00e9gion Chez Genco Trade, notre mission est d&rsquo;\u00eatre toujours proche de nos clients, en offrant des solutions personnalis\u00e9es et une assistance locale dans tous les coins o\u00f9 nous op\u00e9rons. Nous disposons d&rsquo;agences strat\u00e9giquement situ\u00e9es pour garantir un service rapide, efficace et adapt\u00e9 aux besoins\u2026","_links":{"self":[{"href":"https:\/\/gencotrade.es\/fr\/wp-json\/wp\/v2\/pages\/5565","targetHints":{"allow":["GET"]}}],"collection":[{"href":"https:\/\/gencotrade.es\/fr\/wp-json\/wp\/v2\/pages"}],"about":[{"href":"https:\/\/gencotrade.es\/fr\/wp-json\/wp\/v2\/types\/page"}],"author":[{"embeddable":true,"href":"https:\/\/gencotrade.es\/fr\/wp-json\/wp\/v2\/users\/1"}],"replies":[{"embeddable":true,"href":"https:\/\/gencotrade.es\/fr\/wp-json\/wp\/v2\/comments?post=5565"}],"version-history":[{"count":5,"href":"https:\/\/gencotrade.es\/fr\/wp-json\/wp\/v2\/pages\/5565\/revisions"}],"predecessor-version":[{"id":5850,"href":"https:\/\/gencotrade.es\/fr\/wp-json\/wp\/v2\/pages\/5565\/revisions\/5850"}],"wp:attachment":[{"href":"https:\/\/gencotrade.es\/fr\/wp-json\/wp\/v2\/media?parent=5565"}],"curies":[{"name":"wp","href":"https:\/\/api.w.org\/{rel}","templated":true}]}}