{"id":5507,"date":"2025-01-09T10:20:41","date_gmt":"2025-01-09T09:20:41","guid":{"rendered":"https:\/\/gencotrade.es\/politique-de-confidentialite"},"modified":"2025-01-09T10:20:42","modified_gmt":"2025-01-09T09:20:42","slug":"politique-de-confidentialite","status":"publish","type":"page","link":"https:\/\/gencotrade.es\/fr\/politique-de-confidentialite","title":{"rendered":"Politique de confidentialit\u00e9"},"content":{"rendered":"\n<p>GESTI\u00d3N DE ESCOMBROS Y CONTENEDORES, SL garantit la confidentialit\u00e9 des donn\u00e9es personnelles fournies, conform\u00e9ment au R\u00e8glement g\u00e9n\u00e9ral sur la protection des donn\u00e9es (RGPD).<\/p>\n\n<p>La visite de ce site n&rsquo;implique pas que l&rsquo;utilisateur soit oblig\u00e9 de fournir des informations sur lui-m\u00eame. Toutefois, au cours de la visite, il est possible que des donn\u00e9es personnelles soient demand\u00e9es par le biais de formulaires.<\/p>\n\n<p>Ces donn\u00e9es seront incluses dans un fichier sous la responsabilit\u00e9 de GESTI\u00d3N DE ESCOMBROS Y CONTENEDORES, SL et seront utilis\u00e9es aux fins suivantes : r\u00e9pondre aux demandes que vous avez formul\u00e9es, vous envoyer des informations sur notre entreprise et les services demand\u00e9s ou offerts par tout moyen de communication. Afin de r\u00e9pondre aux demandes, l&rsquo;int\u00e9ress\u00e9 autorise GESTI\u00d3N DE ESCOMBROS Y CONTENEDORES, SL \u00e0 c\u00e9der ses donn\u00e9es \u00e0 des entreprises associ\u00e9es ou collaboratrices avec lesquelles il existe des contrats de prestation de services li\u00e9s \u00e0 l&rsquo;activit\u00e9, comme le stipule la r\u00e9glementation en vigueur dans les articles 10, 11 et 12 du RGPD, afin de fournir un service ad\u00e9quat bas\u00e9 sur les demandes que vous avez formul\u00e9es. En nous envoyant ce formulaire, vous acceptez explicitement la r\u00e9ception et le traitement des donn\u00e9es aux fins exprim\u00e9es. Ces donn\u00e9es seront annul\u00e9es \u00e0 votre demande ou lorsque l&rsquo;objectif pour lequel elles ont \u00e9t\u00e9 collect\u00e9es aura \u00e9t\u00e9 atteint.   <\/p>\n\n<p><strong>Comment exercer vos droits : <\/strong> Pour exercer ses droits, l&rsquo;utilisateur peut envoyer une communication \u00e9crite \u00e0 GESTI\u00d3N DE ESCOMBROS Y CONTENEDORES, SL, C\/ FONT 16, 08960 SANT JUST DESVERN, BARCELONA, ou \u00e0 l&rsquo;adresse \u00e9lectronique <a href=\"mailto:admin@gencotrade.es\">admin@gencotrade.es<\/a>, en joignant dans les deux cas une photocopie de sa carte d&rsquo;identit\u00e9 ou d&rsquo;un autre document d&rsquo;identification similaire, comme indiqu\u00e9 ci-dessous :<\/p>\n\n<ul class=\"wp-block-list\"><li>Droit d&rsquo;acc\u00e8s aux donn\u00e9es personnelles : vous pouvez demander \u00e0 GESTI\u00d3N DE ESCOMBROS Y CONTENEDORES, SL si cette entreprise traite vos donn\u00e9es.<\/li><li>Le droit de demander leur rectification (en cas d&rsquo;erreur) ou leur suppression.<\/li><li>Le droit de demander la limitation de leur traitement, auquel cas ils ne seront conserv\u00e9s par GESTI\u00d3N DE ESCOMBROS Y CONTENEDORES, SL que pour l&rsquo;exercice ou la d\u00e9fense de r\u00e9clamations.<\/li><li>Droit d&rsquo;opposition au traitement : GESTI\u00d3N DE ESCOMBROS Y CONTENEDORES, SL cessera de traiter les donn\u00e9es de la mani\u00e8re que vous indiquez, \u00e0 moins que pour des raisons l\u00e9gitimes imp\u00e9rieuses ou pour l&rsquo;exercice ou la d\u00e9fense d&rsquo;\u00e9ventuelles r\u00e9clamations, les donn\u00e9es doivent continuer \u00e0 \u00eatre trait\u00e9es.<\/li><li>Droit \u00e0 la portabilit\u00e9 des donn\u00e9es : dans le cas o\u00f9 vous souhaiteriez que vos donn\u00e9es soient trait\u00e9es par une autre entreprise, GESTI\u00d3N DE ESCOMBROS Y CONTENEDORES, SL facilitera la portabilit\u00e9 de vos donn\u00e9es vers le nouveau responsable du traitement.<\/li><\/ul>\n\n<p><strong>Possibilit\u00e9 de retirer son consentement : <\/strong>lorsque le consentement a \u00e9t\u00e9 donn\u00e9 pour une finalit\u00e9 sp\u00e9cifique, vous avez le droit de le retirer \u00e0 tout moment, sans que cela n&rsquo;affecte la l\u00e9galit\u00e9 du traitement fond\u00e9 sur le consentement avant son retrait.<\/p>\n\n<p><strong>Comment se plaindre \u00e0 l&rsquo;autorit\u00e9 de contr\u00f4le : <\/strong>Si un utilisateur consid\u00e8re qu&rsquo;il y a un probl\u00e8me avec la mani\u00e8re dont GESTI\u00d3N DE ESCOMBROS Y CONTENEDORES, SL traite ses donn\u00e9es, il peut adresser ses plaintes \u00e0 l&rsquo;autorit\u00e9 de protection des donn\u00e9es correspondante, l&rsquo;Agence espagnole de protection des donn\u00e9es \u00e9tant celle indiqu\u00e9e dans le cas de l&rsquo;Espagne.<\/p>\n\n<p>Le refus de fournir les donn\u00e9es entra\u00eenera la non-fourniture ou l&rsquo;impossibilit\u00e9 d&rsquo;acc\u00e9der au service pour lequel elles ont \u00e9t\u00e9 demand\u00e9es. Vous avez le droit de recevoir une r\u00e9ponse \u00e0 toute question, interrogation ou clarification d\u00e9coulant de ce formulaire. <\/p>\n\n<p>Les parties se soumettent, \u00e0 leur choix, aux cours et tribunaux du domicile du propri\u00e9taire du site web pour la r\u00e9solution des conflits, renon\u00e7ant \u00e0 toute autre juridiction.<\/p>\n<style>.wp-block-kadence-spacer.kt-block-spacer-_6d18a7-7c .kt-block-spacer{height:60px;}.wp-block-kadence-spacer.kt-block-spacer-_6d18a7-7c .kt-divider{border-top-width:1px;height:1px;border-top-color:#eee;width:80%;border-top-style:solid;}<\/style>\n<div class=\"wp-block-kadence-spacer aligncenter kt-block-spacer-_6d18a7-7c\"><div class=\"kt-block-spacer kt-block-spacer-halign-center\"><\/div><\/div>\n","protected":false},"excerpt":{"rendered":"<p>GESTI\u00d3N DE ESCOMBROS Y CONTENEDORES, SL garantit la confidentialit\u00e9 des donn\u00e9es personnelles fournies, conform\u00e9ment au R\u00e8glement g\u00e9n\u00e9ral sur la protection des donn\u00e9es (RGPD). La visite de ce site n&rsquo;implique pas que l&rsquo;utilisateur soit oblig\u00e9 de fournir des informations sur lui-m\u00eame. Toutefois, au cours de la visite, il est possible que des donn\u00e9es personnelles soient demand\u00e9es [&hellip;]<\/p>\n","protected":false},"author":1,"featured_media":0,"parent":0,"menu_order":0,"comment_status":"closed","ping_status":"closed","template":"","meta":{"_coblocks_attr":"","_coblocks_dimensions":"","_coblocks_responsive_height":"","_coblocks_accordion_ie_support":"","_uag_custom_page_level_css":"","kk_blocks_editor_width":"","_kiokenblocks_attr":"","_kiokenblocks_dimensions":"","site-sidebar-layout":"no-sidebar","site-content-layout":"plain-container","ast-site-content-layout":"default","site-content-style":"default","site-sidebar-style":"default","ast-global-header-display":"","ast-banner-title-visibility":"","ast-main-header-display":"","ast-hfb-above-header-display":"","ast-hfb-below-header-display":"","ast-hfb-mobile-header-display":"","site-post-title":"","ast-breadcrumbs-content":"","ast-featured-img":"","footer-sml-layout":"","ast-disable-related-posts":"","theme-transparent-header-meta":"","adv-header-id-meta":"","stick-header-meta":"","header-above-stick-meta":"","header-main-stick-meta":"","header-below-stick-meta":"","astra-migrate-meta-layouts":"default","ast-page-background-enabled":"default","ast-page-background-meta":{"desktop":{"background-color":"var(--ast-global-color-4)","background-image":"","background-repeat":"repeat","background-position":"center center","background-size":"auto","background-attachment":"scroll","background-type":"","background-media":"","overlay-type":"","overlay-color":"","overlay-opacity":"","overlay-gradient":""},"tablet":{"background-color":"","background-image":"","background-repeat":"repeat","background-position":"center center","background-size":"auto","background-attachment":"scroll","background-type":"","background-media":"","overlay-type":"","overlay-color":"","overlay-opacity":"","overlay-gradient":""},"mobile":{"background-color":"","background-image":"","background-repeat":"repeat","background-position":"center center","background-size":"auto","background-attachment":"scroll","background-type":"","background-media":"","overlay-type":"","overlay-color":"","overlay-opacity":"","overlay-gradient":""}},"ast-content-background-meta":{"desktop":{"background-color":"var(--ast-global-color-5)","background-image":"","background-repeat":"repeat","background-position":"center center","background-size":"auto","background-attachment":"scroll","background-type":"","background-media":"","overlay-type":"","overlay-color":"","overlay-opacity":"","overlay-gradient":""},"tablet":{"background-color":"var(--ast-global-color-5)","background-image":"","background-repeat":"repeat","background-position":"center center","background-size":"auto","background-attachment":"scroll","background-type":"","background-media":"","overlay-type":"","overlay-color":"","overlay-opacity":"","overlay-gradient":""},"mobile":{"background-color":"var(--ast-global-color-5)","background-image":"","background-repeat":"repeat","background-position":"center center","background-size":"auto","background-attachment":"scroll","background-type":"","background-media":"","overlay-type":"","overlay-color":"","overlay-opacity":"","overlay-gradient":""}},"footnotes":""},"class_list":["post-5507","page","type-page","status-publish","hentry"],"uagb_featured_image_src":{"full":false,"thumbnail":false,"medium":false,"medium_large":false,"large":false,"1536x1536":false,"2048x2048":false},"uagb_author_info":{"display_name":"empiezapori","author_link":"https:\/\/gencotrade.es\/fr\/author\/empiezapori"},"uagb_comment_info":0,"uagb_excerpt":"GESTI\u00d3N DE ESCOMBROS Y CONTENEDORES, SL garantit la confidentialit\u00e9 des donn\u00e9es personnelles fournies, conform\u00e9ment au R\u00e8glement g\u00e9n\u00e9ral sur la protection des donn\u00e9es (RGPD). La visite de ce site n&rsquo;implique pas que l&rsquo;utilisateur soit oblig\u00e9 de fournir des informations sur lui-m\u00eame. Toutefois, au cours de la visite, il est possible que des donn\u00e9es personnelles soient demand\u00e9es\u2026","_links":{"self":[{"href":"https:\/\/gencotrade.es\/fr\/wp-json\/wp\/v2\/pages\/5507","targetHints":{"allow":["GET"]}}],"collection":[{"href":"https:\/\/gencotrade.es\/fr\/wp-json\/wp\/v2\/pages"}],"about":[{"href":"https:\/\/gencotrade.es\/fr\/wp-json\/wp\/v2\/types\/page"}],"author":[{"embeddable":true,"href":"https:\/\/gencotrade.es\/fr\/wp-json\/wp\/v2\/users\/1"}],"replies":[{"embeddable":true,"href":"https:\/\/gencotrade.es\/fr\/wp-json\/wp\/v2\/comments?post=5507"}],"version-history":[{"count":1,"href":"https:\/\/gencotrade.es\/fr\/wp-json\/wp\/v2\/pages\/5507\/revisions"}],"predecessor-version":[{"id":5508,"href":"https:\/\/gencotrade.es\/fr\/wp-json\/wp\/v2\/pages\/5507\/revisions\/5508"}],"wp:attachment":[{"href":"https:\/\/gencotrade.es\/fr\/wp-json\/wp\/v2\/media?parent=5507"}],"curies":[{"name":"wp","href":"https:\/\/api.w.org\/{rel}","templated":true}]}}