{"id":5505,"date":"2025-01-09T10:20:40","date_gmt":"2025-01-09T09:20:40","guid":{"rendered":"https:\/\/gencotrade.es\/dechets"},"modified":"2025-01-09T10:20:42","modified_gmt":"2025-01-09T09:20:42","slug":"dechets","status":"publish","type":"page","link":"https:\/\/gencotrade.es\/fr\/dechets","title":{"rendered":"D\u00e9chets"},"content":{"rendered":"\n<section class=\"wp-block-uagb-columns uagb-columns__wrap uagb-columns__background-color uagb-columns__stack-mobile uagb-columns__valign-undefined uagb-columns__gap-10 alignfull uagb-block-e8936f87\"><div class=\"uagb-columns__overlay\"><\/div><div class=\"uagb-columns__inner-wrap uagb-columns__columns-1\">\n<div class=\"wp-block-uagb-column uagb-column__wrap uagb-column__background-undefined uagb-block-81cc6f46\"><div class=\"uagb-column__overlay\"><\/div><div class=\"uagb-column__inner-wrap\"><style>.wp-block-kadence-advancedheading.kt-adv-heading_3fd3b6-e9, .wp-block-kadence-advancedheading.kt-adv-heading_3fd3b6-e9[data-kb-block=\"kb-adv-heading_3fd3b6-e9\"]{margin-bottom:0px;padding-bottom:0px;font-size:50px;font-style:normal;}.wp-block-kadence-advancedheading.kt-adv-heading_3fd3b6-e9 mark.kt-highlight, .wp-block-kadence-advancedheading.kt-adv-heading_3fd3b6-e9[data-kb-block=\"kb-adv-heading_3fd3b6-e9\"] mark.kt-highlight{font-style:normal;color:#f76a0c;-webkit-box-decoration-break:clone;box-decoration-break:clone;padding-top:0px;padding-right:0px;padding-bottom:0px;padding-left:0px;}.wp-block-kadence-advancedheading.kt-adv-heading_3fd3b6-e9 img.kb-inline-image, .wp-block-kadence-advancedheading.kt-adv-heading_3fd3b6-e9[data-kb-block=\"kb-adv-heading_3fd3b6-e9\"] img.kb-inline-image{width:150px;vertical-align:baseline;}@media all and (max-width: 767px){.wp-block-kadence-advancedheading.kt-adv-heading_3fd3b6-e9, .wp-block-kadence-advancedheading.kt-adv-heading_3fd3b6-e9[data-kb-block=\"kb-adv-heading_3fd3b6-e9\"]{font-size:40px;}}<\/style>\n<h2 class=\"kt-adv-heading_3fd3b6-e9 wp-block-kadence-advancedheading has-ast-global-color-5-color has-text-color\" data-kb-block=\"kb-adv-heading_3fd3b6-e9\">la gestion des d\u00e9chets.<\/h2>\n<\/div><\/div>\n<\/div><\/section>\n\n<section class=\"wp-block-uagb-columns uagb-columns__wrap uagb-columns__background-undefined uagb-columns__stack-mobile uagb-columns__valign-undefined uagb-columns__gap-10 alignundefined uagb-block-e8841bfb uag-hide-mob\"><div class=\"uagb-columns__overlay\"><\/div><div class=\"uagb-columns__inner-wrap uagb-columns__columns-2\">\n<div class=\"wp-block-uagb-column uagb-column__wrap uagb-column__background-color uagb-block-0c22a89f\"><div class=\"uagb-column__overlay\"><\/div><div class=\"uagb-column__inner-wrap\"><style>.wp-block-kadence-advancedheading.kt-adv-heading_677a47-1b, .wp-block-kadence-advancedheading.kt-adv-heading_677a47-1b[data-kb-block=\"kb-adv-heading_677a47-1b\"]{margin-bottom:0px;padding-top:0px;padding-bottom:30px;text-align:center;font-size:35px;font-style:normal;}.wp-block-kadence-advancedheading.kt-adv-heading_677a47-1b mark.kt-highlight, .wp-block-kadence-advancedheading.kt-adv-heading_677a47-1b[data-kb-block=\"kb-adv-heading_677a47-1b\"] mark.kt-highlight{font-style:normal;color:#f76a0c;-webkit-box-decoration-break:clone;box-decoration-break:clone;padding-top:0px;padding-right:0px;padding-bottom:0px;padding-left:0px;}.wp-block-kadence-advancedheading.kt-adv-heading_677a47-1b img.kb-inline-image, .wp-block-kadence-advancedheading.kt-adv-heading_677a47-1b[data-kb-block=\"kb-adv-heading_677a47-1b\"] img.kb-inline-image{width:150px;vertical-align:baseline;}<\/style>\n<h2 class=\"kt-adv-heading_677a47-1b wp-block-kadence-advancedheading has-ast-global-color-1-color has-text-color\" data-kb-block=\"kb-adv-heading_677a47-1b\">commandez votre certificat<\/h2>\n\n\n<style>.wp-block-kadence-advancedbtn.kb-btns_d85fe9-46{gap:var(--global-kb-gap-xs, 0.5rem );justify-content:center;align-items:center;}.kt-btns_d85fe9-46 .kt-button{font-weight:normal;font-style:normal;}.kt-btns_d85fe9-46 .kt-btn-wrap-0{margin-right:5px;}.wp-block-kadence-advancedbtn.kt-btns_d85fe9-46 .kt-btn-wrap-0 .kt-button{color:var(--ast-global-color-5);font-size:20px;background:var(--ast-global-color-0);border-color:#555555;}.wp-block-kadence-advancedbtn.kt-btns_d85fe9-46 .kt-btn-wrap-0 .kt-button:hover, .wp-block-kadence-advancedbtn.kt-btns_d85fe9-46 .kt-btn-wrap-0 .kt-button:focus{color:#ffffff;border-color:#444444;}.wp-block-kadence-advancedbtn.kt-btns_d85fe9-46 .kt-btn-wrap-0 .kt-button::before{display:none;}.wp-block-kadence-advancedbtn.kt-btns_d85fe9-46 .kt-btn-wrap-0 .kt-button:hover, .wp-block-kadence-advancedbtn.kt-btns_d85fe9-46 .kt-btn-wrap-0 .kt-button:focus{background:#444444;}<\/style>\n<div class=\"wp-block-kadence-advancedbtn kt-btn-align-center kt-btn-tablet-align-inherit kt-btn-mobile-align-inherit kt-btns-wrap kt-btns_d85fe9-46\"><div class=\"kt-btn-wrap kt-btn-wrap-0\"><a class=\"kt-button button kt-btn-0-action kt-btn-size-standard kt-btn-style-basic kt-btn-svg-show-always kt-btn-has-text-true kt-btn-has-svg-false\" href=\"\/certificados\" target=\"_blank\" rel=\"noreferrer noopener\" style=\"border-radius:0px;border-width:0px\"><span class=\"kt-btn-inner-text\">Solicitar<\/span><\/a><\/div><\/div>\n<\/div><\/div>\n\n\n\n<div class=\"wp-block-uagb-column uagb-column__wrap uagb-column__background-image uagb-block-712c809b\"><div class=\"uagb-column__overlay\"><\/div><div class=\"uagb-column__inner-wrap\"><\/div><\/div>\n<\/div><\/section>\n\n<section class=\"wp-block-uagb-columns uagb-columns__wrap uagb-columns__background-undefined uagb-columns__stack-mobile uagb-columns__valign-undefined uagb-columns__gap-10 alignundefined uagb-block-3a0a0ac5 uag-hide-desktop\"><div class=\"uagb-columns__overlay\"><\/div><div class=\"uagb-columns__inner-wrap uagb-columns__columns-2\">\n<div class=\"wp-block-uagb-column uagb-column__wrap uagb-column__background-color uagb-block-2e0b574b\"><div class=\"uagb-column__overlay\"><\/div><div class=\"uagb-column__inner-wrap\"><style>.wp-block-kadence-advancedheading.kt-adv-heading_3f7631-00, .wp-block-kadence-advancedheading.kt-adv-heading_3f7631-00[data-kb-block=\"kb-adv-heading_3f7631-00\"]{margin-bottom:0px;padding-top:0px;padding-bottom:30px;text-align:center;font-size:35px;font-style:normal;}.wp-block-kadence-advancedheading.kt-adv-heading_3f7631-00 mark.kt-highlight, .wp-block-kadence-advancedheading.kt-adv-heading_3f7631-00[data-kb-block=\"kb-adv-heading_3f7631-00\"] mark.kt-highlight{font-style:normal;color:#f76a0c;-webkit-box-decoration-break:clone;box-decoration-break:clone;padding-top:0px;padding-right:0px;padding-bottom:0px;padding-left:0px;}.wp-block-kadence-advancedheading.kt-adv-heading_3f7631-00 img.kb-inline-image, .wp-block-kadence-advancedheading.kt-adv-heading_3f7631-00[data-kb-block=\"kb-adv-heading_3f7631-00\"] img.kb-inline-image{width:150px;vertical-align:baseline;}@media all and (max-width: 767px){.wp-block-kadence-advancedheading.kt-adv-heading_3f7631-00, .wp-block-kadence-advancedheading.kt-adv-heading_3f7631-00[data-kb-block=\"kb-adv-heading_3f7631-00\"]{font-size:30px;}}<\/style>\n<h2 class=\"kt-adv-heading_3f7631-00 wp-block-kadence-advancedheading has-ast-global-color-1-color has-text-color\" data-kb-block=\"kb-adv-heading_3f7631-00\">commandez votre certificat<\/h2>\n\n\n<style>.wp-block-kadence-advancedbtn.kb-btns_b5be92-b4{gap:var(--global-kb-gap-xs, 0.5rem );justify-content:center;align-items:center;}.kt-btns_b5be92-b4 .kt-button{font-weight:normal;font-style:normal;}.kt-btns_b5be92-b4 .kt-btn-wrap-0{margin-right:5px;}.wp-block-kadence-advancedbtn.kt-btns_b5be92-b4 .kt-btn-wrap-0 .kt-button{color:var(--ast-global-color-5);font-size:20px;background:var(--ast-global-color-0);border-color:#555555;}.wp-block-kadence-advancedbtn.kt-btns_b5be92-b4 .kt-btn-wrap-0 .kt-button:hover, .wp-block-kadence-advancedbtn.kt-btns_b5be92-b4 .kt-btn-wrap-0 .kt-button:focus{color:#ffffff;border-color:#444444;}.wp-block-kadence-advancedbtn.kt-btns_b5be92-b4 .kt-btn-wrap-0 .kt-button::before{display:none;}.wp-block-kadence-advancedbtn.kt-btns_b5be92-b4 .kt-btn-wrap-0 .kt-button:hover, .wp-block-kadence-advancedbtn.kt-btns_b5be92-b4 .kt-btn-wrap-0 .kt-button:focus{background:#444444;}@media all and (max-width: 767px){.wp-block-kadence-advancedbtn.kt-btns_b5be92-b4 .kt-btn-wrap-0 .kt-button{font-size:15px;}}<\/style>\n<div class=\"wp-block-kadence-advancedbtn kt-btn-align-center kt-btn-tablet-align-inherit kt-btn-mobile-align-inherit kt-btns-wrap kt-btns_b5be92-b4\"><div class=\"kt-btn-wrap kt-btn-wrap-0\"><a class=\"kt-button button kt-btn-0-action kt-btn-size-standard kt-btn-style-basic kt-btn-svg-show-always kt-btn-has-text-true kt-btn-has-svg-false\" href=\"\/certificados\" target=\"_blank\" rel=\"noreferrer noopener\" style=\"border-radius:0px;border-width:0px\"><span class=\"kt-btn-inner-text\">Solicitar<\/span><\/a><\/div><\/div>\n<\/div><\/div>\n\n\n\n<div class=\"wp-block-uagb-column uagb-column__wrap uagb-column__background-none uagb-block-4f5e60ab\"><div class=\"uagb-column__overlay\"><\/div><div class=\"uagb-column__inner-wrap\"><\/div><\/div>\n<\/div><\/section>\n<style>.wp-block-kadence-advancedheading.kt-adv-heading_2b9850-41, .wp-block-kadence-advancedheading.kt-adv-heading_2b9850-41[data-kb-block=\"kb-adv-heading_2b9850-41\"]{margin-bottom:0px;padding-top:40px;padding-bottom:0px;font-style:normal;}.wp-block-kadence-advancedheading.kt-adv-heading_2b9850-41 mark.kt-highlight, .wp-block-kadence-advancedheading.kt-adv-heading_2b9850-41[data-kb-block=\"kb-adv-heading_2b9850-41\"] mark.kt-highlight{font-style:normal;color:#f76a0c;-webkit-box-decoration-break:clone;box-decoration-break:clone;padding-top:0px;padding-right:0px;padding-bottom:0px;padding-left:0px;}.wp-block-kadence-advancedheading.kt-adv-heading_2b9850-41 img.kb-inline-image, .wp-block-kadence-advancedheading.kt-adv-heading_2b9850-41[data-kb-block=\"kb-adv-heading_2b9850-41\"] img.kb-inline-image{width:150px;vertical-align:baseline;}<\/style>\n<h2 class=\"kt-adv-heading_2b9850-41 wp-block-kadence-advancedheading has-ast-global-color-0-color has-text-color\" data-kb-block=\"kb-adv-heading_2b9850-41\">les types de conteneurs<\/h2>\n\n<section class=\"wp-block-uagb-columns uagb-columns__wrap uagb-columns__background-undefined uagb-columns__stack-mobile uagb-columns__valign-undefined uagb-columns__gap-10 alignundefined uagb-block-45195f02\"><div class=\"uagb-columns__overlay\"><\/div><div class=\"uagb-columns__inner-wrap uagb-columns__columns-2\">\n<div class=\"wp-block-uagb-column uagb-column__wrap uagb-column__background-undefined uagb-block-6a44218d\"><div class=\"uagb-column__overlay\"><\/div><div class=\"uagb-column__inner-wrap\">\n<div class=\"wp-block-image\"><figure class=\"aligncenter size-full is-resized\"><img loading=\"lazy\" decoding=\"async\" src=\"https:\/\/gencotrade.es\/wp-content\/uploads\/2021\/12\/Contenidor5m2-1-rojo-1.jpg\" alt=\"\" class=\"wp-image-372\" width=\"446\" height=\"304\" srcset=\"https:\/\/gencotrade.es\/wp-content\/uploads\/2021\/12\/Contenidor5m2-1-rojo-1.jpg 595w, https:\/\/gencotrade.es\/wp-content\/uploads\/2021\/12\/Contenidor5m2-1-rojo-1-300x204.jpg 300w\" sizes=\"auto, (max-width: 446px) 100vw, 446px\" \/><\/figure><\/div>\n\n\n<style>.wp-block-kadence-advancedheading.kt-adv-heading_b88d78-15, .wp-block-kadence-advancedheading.kt-adv-heading_b88d78-15[data-kb-block=\"kb-adv-heading_b88d78-15\"]{margin-top:0px;margin-bottom:0px;padding-top:0px;padding-bottom:0px;font-style:normal;}.wp-block-kadence-advancedheading.kt-adv-heading_b88d78-15 mark.kt-highlight, .wp-block-kadence-advancedheading.kt-adv-heading_b88d78-15[data-kb-block=\"kb-adv-heading_b88d78-15\"] mark.kt-highlight{font-style:normal;color:#f76a0c;-webkit-box-decoration-break:clone;box-decoration-break:clone;padding-top:0px;padding-right:0px;padding-bottom:0px;padding-left:0px;}.wp-block-kadence-advancedheading.kt-adv-heading_b88d78-15 img.kb-inline-image, .wp-block-kadence-advancedheading.kt-adv-heading_b88d78-15[data-kb-block=\"kb-adv-heading_b88d78-15\"] img.kb-inline-image{width:150px;vertical-align:baseline;}<\/style>\n<h3 class=\"kt-adv-heading_b88d78-15 wp-block-kadence-advancedheading\" data-kb-block=\"kb-adv-heading_b88d78-15\">Conteneur 5m\u00b3<\/h3>\n\n\n\n<div class=\"wp-block-kioken-spacer is-style-custom\" style=\"color:var(--ast-global-color-0);height:30px\"><div class=\"spacer-inner-wrap kt_d_flex kt_flex_aligncenter kt_flex_justifyleft\"><span class=\"spacer-line\" style=\"color:var(--ast-global-color-0);max-width:7%;border-bottom-style:solid;border-bottom-width:3px\"><\/span><\/div><hr><\/div>\n\n\n\n<p>Convient \u00e0 tous les types de d\u00e9chets, qu&rsquo;il s&rsquo;agisse de terre, de runes propres, de runes sales, de mat\u00e9riaux banals ou sp\u00e9ciaux.<\/p>\n\n\n\n<figure class=\"wp-block-image size-full is-resized has-lightbox\"><img loading=\"lazy\" decoding=\"async\" src=\"https:\/\/gencotrade.es\/wp-content\/uploads\/2021\/12\/MEDIDAS-CONTENEDOR-5M3.jpg\" alt=\"\" class=\"wp-image-266\" width=\"337\" height=\"80\" srcset=\"https:\/\/gencotrade.es\/wp-content\/uploads\/2021\/12\/MEDIDAS-CONTENEDOR-5M3.jpg 673w, https:\/\/gencotrade.es\/wp-content\/uploads\/2021\/12\/MEDIDAS-CONTENEDOR-5M3-300x71.jpg 300w\" sizes=\"auto, (max-width: 337px) 100vw, 337px\" \/><\/figure>\n<\/div><\/div>\n\n\n\n<div class=\"wp-block-uagb-column uagb-column__wrap uagb-column__background-undefined uagb-block-088a6803\"><div class=\"uagb-column__overlay\"><\/div><div class=\"uagb-column__inner-wrap\">\n<div class=\"wp-block-image\"><figure class=\"aligncenter size-full is-resized\"><img loading=\"lazy\" decoding=\"async\" src=\"https:\/\/gencotrade.es\/wp-content\/uploads\/2021\/12\/Contenidor9m2-1-rojo.jpg\" alt=\"\" class=\"wp-image-311\" width=\"446\" height=\"304\" srcset=\"https:\/\/gencotrade.es\/wp-content\/uploads\/2021\/12\/Contenidor9m2-1-rojo.jpg 595w, https:\/\/gencotrade.es\/wp-content\/uploads\/2021\/12\/Contenidor9m2-1-rojo-300x204.jpg 300w\" sizes=\"auto, (max-width: 446px) 100vw, 446px\" \/><\/figure><\/div>\n\n\n<style>.wp-block-kadence-advancedheading.kt-adv-heading_e6cb77-61, .wp-block-kadence-advancedheading.kt-adv-heading_e6cb77-61[data-kb-block=\"kb-adv-heading_e6cb77-61\"]{margin-top:0px;margin-bottom:0px;padding-top:0px;padding-bottom:0px;font-style:normal;}.wp-block-kadence-advancedheading.kt-adv-heading_e6cb77-61 mark.kt-highlight, .wp-block-kadence-advancedheading.kt-adv-heading_e6cb77-61[data-kb-block=\"kb-adv-heading_e6cb77-61\"] mark.kt-highlight{font-style:normal;color:#f76a0c;-webkit-box-decoration-break:clone;box-decoration-break:clone;padding-top:0px;padding-right:0px;padding-bottom:0px;padding-left:0px;}.wp-block-kadence-advancedheading.kt-adv-heading_e6cb77-61 img.kb-inline-image, .wp-block-kadence-advancedheading.kt-adv-heading_e6cb77-61[data-kb-block=\"kb-adv-heading_e6cb77-61\"] img.kb-inline-image{width:150px;vertical-align:baseline;}<\/style>\n<h3 class=\"kt-adv-heading_e6cb77-61 wp-block-kadence-advancedheading\" data-kb-block=\"kb-adv-heading_e6cb77-61\">Conteneur 9m\u00b3<\/h3>\n\n\n\n<div class=\"wp-block-kioken-spacer is-style-custom\" style=\"color:var(--ast-global-color-0);height:30px\"><div class=\"spacer-inner-wrap kt_d_flex kt_flex_aligncenter kt_flex_justifyleft\"><span class=\"spacer-line\" style=\"color:var(--ast-global-color-0);max-width:7%;border-bottom-style:solid;border-bottom-width:3px\"><\/span><\/div><hr><\/div>\n\n\n\n<p>Convient \u00e0 tous les types de d\u00e9chets, en particulier les d\u00e9chets banals et sp\u00e9ciaux.  <br\/><strong>N&rsquo;EST PAS VALABLE POUR LES TERRES.<\/strong><\/p>\n\n\n\n<figure class=\"wp-block-image size-full is-resized has-lightbox\"><img loading=\"lazy\" decoding=\"async\" src=\"https:\/\/gencotrade.es\/wp-content\/uploads\/2021\/12\/MEDIDAS-CONTENEDOR-9M3-2.jpg\" alt=\"\" class=\"wp-image-273\" width=\"344\" height=\"113\" srcset=\"https:\/\/gencotrade.es\/wp-content\/uploads\/2021\/12\/MEDIDAS-CONTENEDOR-9M3-2.jpg 687w, https:\/\/gencotrade.es\/wp-content\/uploads\/2021\/12\/MEDIDAS-CONTENEDOR-9M3-2-300x98.jpg 300w\" sizes=\"auto, (max-width: 344px) 100vw, 344px\" \/><\/figure>\n<\/div><\/div>\n<\/div><\/section>\n","protected":false},"excerpt":{"rendered":"<p>la gestion des d\u00e9chets. commandez votre certificat commandez votre certificat les types de conteneurs Conteneur 5m\u00b3 Convient \u00e0 tous les types de d\u00e9chets, qu&rsquo;il s&rsquo;agisse de terre, de runes propres, de runes sales, de mat\u00e9riaux banals ou sp\u00e9ciaux. Conteneur 9m\u00b3 Convient \u00e0 tous les types de d\u00e9chets, en particulier les d\u00e9chets banals et sp\u00e9ciaux. N&rsquo;EST [&hellip;]<\/p>\n","protected":false},"author":1,"featured_media":0,"parent":0,"menu_order":0,"comment_status":"closed","ping_status":"closed","template":"","meta":{"_coblocks_attr":"","_coblocks_dimensions":"","_coblocks_responsive_height":"","_coblocks_accordion_ie_support":"","_uag_custom_page_level_css":"","kk_blocks_editor_width":"","_kiokenblocks_attr":"","_kiokenblocks_dimensions":"","site-sidebar-layout":"no-sidebar","site-content-layout":"plain-container","ast-site-content-layout":"default","site-content-style":"default","site-sidebar-style":"default","ast-global-header-display":"","ast-banner-title-visibility":"","ast-main-header-display":"","ast-hfb-above-header-display":"","ast-hfb-below-header-display":"","ast-hfb-mobile-header-display":"","site-post-title":"disabled","ast-breadcrumbs-content":"","ast-featured-img":"","footer-sml-layout":"","ast-disable-related-posts":"","theme-transparent-header-meta":"","adv-header-id-meta":"","stick-header-meta":"","header-above-stick-meta":"","header-main-stick-meta":"","header-below-stick-meta":"","astra-migrate-meta-layouts":"default","ast-page-background-enabled":"default","ast-page-background-meta":{"desktop":{"background-color":"var(--ast-global-color-4)","background-image":"","background-repeat":"repeat","background-position":"center center","background-size":"auto","background-attachment":"scroll","background-type":"","background-media":"","overlay-type":"","overlay-color":"","overlay-opacity":"","overlay-gradient":""},"tablet":{"background-color":"","background-image":"","background-repeat":"repeat","background-position":"center center","background-size":"auto","background-attachment":"scroll","background-type":"","background-media":"","overlay-type":"","overlay-color":"","overlay-opacity":"","overlay-gradient":""},"mobile":{"background-color":"","background-image":"","background-repeat":"repeat","background-position":"center center","background-size":"auto","background-attachment":"scroll","background-type":"","background-media":"","overlay-type":"","overlay-color":"","overlay-opacity":"","overlay-gradient":""}},"ast-content-background-meta":{"desktop":{"background-color":"var(--ast-global-color-5)","background-image":"","background-repeat":"repeat","background-position":"center center","background-size":"auto","background-attachment":"scroll","background-type":"","background-media":"","overlay-type":"","overlay-color":"","overlay-opacity":"","overlay-gradient":""},"tablet":{"background-color":"var(--ast-global-color-5)","background-image":"","background-repeat":"repeat","background-position":"center center","background-size":"auto","background-attachment":"scroll","background-type":"","background-media":"","overlay-type":"","overlay-color":"","overlay-opacity":"","overlay-gradient":""},"mobile":{"background-color":"var(--ast-global-color-5)","background-image":"","background-repeat":"repeat","background-position":"center center","background-size":"auto","background-attachment":"scroll","background-type":"","background-media":"","overlay-type":"","overlay-color":"","overlay-opacity":"","overlay-gradient":""}},"footnotes":""},"class_list":["post-5505","page","type-page","status-publish","hentry"],"uagb_featured_image_src":{"full":false,"thumbnail":false,"medium":false,"medium_large":false,"large":false,"1536x1536":false,"2048x2048":false},"uagb_author_info":{"display_name":"empiezapori","author_link":"https:\/\/gencotrade.es\/fr\/author\/empiezapori"},"uagb_comment_info":0,"uagb_excerpt":"la gestion des d\u00e9chets. commandez votre certificat commandez votre certificat les types de conteneurs Conteneur 5m\u00b3 Convient \u00e0 tous les types de d\u00e9chets, qu&rsquo;il s&rsquo;agisse de terre, de runes propres, de runes sales, de mat\u00e9riaux banals ou sp\u00e9ciaux. Conteneur 9m\u00b3 Convient \u00e0 tous les types de d\u00e9chets, en particulier les d\u00e9chets banals et sp\u00e9ciaux. N&rsquo;EST\u2026","_links":{"self":[{"href":"https:\/\/gencotrade.es\/fr\/wp-json\/wp\/v2\/pages\/5505","targetHints":{"allow":["GET"]}}],"collection":[{"href":"https:\/\/gencotrade.es\/fr\/wp-json\/wp\/v2\/pages"}],"about":[{"href":"https:\/\/gencotrade.es\/fr\/wp-json\/wp\/v2\/types\/page"}],"author":[{"embeddable":true,"href":"https:\/\/gencotrade.es\/fr\/wp-json\/wp\/v2\/users\/1"}],"replies":[{"embeddable":true,"href":"https:\/\/gencotrade.es\/fr\/wp-json\/wp\/v2\/comments?post=5505"}],"version-history":[{"count":1,"href":"https:\/\/gencotrade.es\/fr\/wp-json\/wp\/v2\/pages\/5505\/revisions"}],"predecessor-version":[{"id":5506,"href":"https:\/\/gencotrade.es\/fr\/wp-json\/wp\/v2\/pages\/5505\/revisions\/5506"}],"wp:attachment":[{"href":"https:\/\/gencotrade.es\/fr\/wp-json\/wp\/v2\/media?parent=5505"}],"curies":[{"name":"wp","href":"https:\/\/api.w.org\/{rel}","templated":true}]}}