{"id":5432,"date":"2025-01-09T10:12:19","date_gmt":"2025-01-09T09:12:19","guid":{"rendered":"https:\/\/gencotrade.es\/contact"},"modified":"2025-01-09T10:12:20","modified_gmt":"2025-01-09T09:12:20","slug":"contact","status":"publish","type":"page","link":"https:\/\/gencotrade.es\/fr\/contact","title":{"rendered":"Contact"},"content":{"rendered":"\n<section class=\"wp-block-uagb-columns uagb-columns__wrap uagb-columns__background-color uagb-columns__stack-mobile uagb-columns__valign-undefined uagb-columns__gap-10 alignfull uagb-block-e483651e\"><div class=\"uagb-columns__overlay\"><\/div><div class=\"uagb-columns__inner-wrap uagb-columns__columns-1\">\n<div class=\"wp-block-uagb-column uagb-column__wrap uagb-column__background-undefined uagb-block-d2384cdc\"><div class=\"uagb-column__overlay\"><\/div><div class=\"uagb-column__inner-wrap\"><style>.wp-block-kadence-advancedheading.kt-adv-heading_fb10bc-fd, .wp-block-kadence-advancedheading.kt-adv-heading_fb10bc-fd[data-kb-block=\"kb-adv-heading_fb10bc-fd\"]{margin-bottom:0px;padding-bottom:0px;font-size:50px;font-style:normal;}.wp-block-kadence-advancedheading.kt-adv-heading_fb10bc-fd mark.kt-highlight, .wp-block-kadence-advancedheading.kt-adv-heading_fb10bc-fd[data-kb-block=\"kb-adv-heading_fb10bc-fd\"] mark.kt-highlight{font-style:normal;color:#f76a0c;-webkit-box-decoration-break:clone;box-decoration-break:clone;padding-top:0px;padding-right:0px;padding-bottom:0px;padding-left:0px;}.wp-block-kadence-advancedheading.kt-adv-heading_fb10bc-fd img.kb-inline-image, .wp-block-kadence-advancedheading.kt-adv-heading_fb10bc-fd[data-kb-block=\"kb-adv-heading_fb10bc-fd\"] img.kb-inline-image{width:150px;vertical-align:baseline;}@media all and (max-width: 767px){.wp-block-kadence-advancedheading.kt-adv-heading_fb10bc-fd, .wp-block-kadence-advancedheading.kt-adv-heading_fb10bc-fd[data-kb-block=\"kb-adv-heading_fb10bc-fd\"]{font-size:40px;}}<\/style>\n<h2 class=\"kt-adv-heading_fb10bc-fd wp-block-kadence-advancedheading has-ast-global-color-5-color has-text-color\" data-kb-block=\"kb-adv-heading_fb10bc-fd\">Contact.<\/h2>\n<\/div><\/div>\n<\/div><\/section>\n\n<section class=\"wp-block-uagb-columns uagb-columns__wrap uagb-columns__background-undefined uagb-columns__stack-mobile uagb-columns__valign-undefined uagb-columns__gap-10 alignundefined uagb-block-1bb74ea5\"><div class=\"uagb-columns__overlay\"><\/div><div class=\"uagb-columns__inner-wrap uagb-columns__columns-2\">\n<div class=\"wp-block-uagb-column uagb-column__wrap uagb-column__background-undefined uagb-block-f9b137be\"><div class=\"uagb-column__overlay\"><\/div><div class=\"uagb-column__inner-wrap\"><style>.wp-block-kadence-advancedheading.kt-adv-heading_a4f8c8-3d, .wp-block-kadence-advancedheading.kt-adv-heading_a4f8c8-3d[data-kb-block=\"kb-adv-heading_a4f8c8-3d\"]{margin-bottom:0px;font-style:normal;}.wp-block-kadence-advancedheading.kt-adv-heading_a4f8c8-3d mark.kt-highlight, .wp-block-kadence-advancedheading.kt-adv-heading_a4f8c8-3d[data-kb-block=\"kb-adv-heading_a4f8c8-3d\"] mark.kt-highlight{font-style:normal;color:#f76a0c;-webkit-box-decoration-break:clone;box-decoration-break:clone;padding-top:0px;padding-right:0px;padding-bottom:0px;padding-left:0px;}.wp-block-kadence-advancedheading.kt-adv-heading_a4f8c8-3d img.kb-inline-image, .wp-block-kadence-advancedheading.kt-adv-heading_a4f8c8-3d[data-kb-block=\"kb-adv-heading_a4f8c8-3d\"] img.kb-inline-image{width:150px;vertical-align:baseline;}<\/style>\n<h2 class=\"kt-adv-heading_a4f8c8-3d wp-block-kadence-advancedheading has-ast-global-color-1-color has-text-color\" data-kb-block=\"kb-adv-heading_a4f8c8-3d\">contactez-nous.<\/h2>\n\n\n\n<div class=\"wp-block-kioken-spacer is-style-custom\" style=\"color:var(--ast-global-color-0);height:30px\"><div class=\"spacer-inner-wrap kt_d_flex kt_flex_aligncenter kt_flex_justifyleft\"><span class=\"spacer-line\" style=\"color:var(--ast-global-color-0);max-width:7%;border-bottom-style:solid;border-bottom-width:3px\"><\/span><\/div><hr><\/div>\n\n\n<style>.wp-block-kadence-advancedheading.kt-adv-heading_2cb6a1-fc, .wp-block-kadence-advancedheading.kt-adv-heading_2cb6a1-fc[data-kb-block=\"kb-adv-heading_2cb6a1-fc\"]{padding-bottom:20px;font-style:normal;}.wp-block-kadence-advancedheading.kt-adv-heading_2cb6a1-fc mark.kt-highlight, .wp-block-kadence-advancedheading.kt-adv-heading_2cb6a1-fc[data-kb-block=\"kb-adv-heading_2cb6a1-fc\"] mark.kt-highlight{font-style:normal;color:#f76a0c;-webkit-box-decoration-break:clone;box-decoration-break:clone;padding-top:0px;padding-right:0px;padding-bottom:0px;padding-left:0px;}.wp-block-kadence-advancedheading.kt-adv-heading_2cb6a1-fc img.kb-inline-image, .wp-block-kadence-advancedheading.kt-adv-heading_2cb6a1-fc[data-kb-block=\"kb-adv-heading_2cb6a1-fc\"] img.kb-inline-image{width:150px;vertical-align:baseline;}<\/style>\n<p class=\"kt-adv-heading_2cb6a1-fc wp-block-kadence-advancedheading has-ast-global-color-1-color has-text-color\" data-kb-block=\"kb-adv-heading_2cb6a1-fc\">Si vous pensez pouvoir nous fournir un produit, ou si vous souhaitez travailler avec nous, veuillez remplir le formulaire suivant et nous vous r\u00e9pondrons dans les plus brefs d\u00e9lais.<\/p>\n\n\n<style>.kt-svg-icons_6cd905-07 .kt-svg-item-0 .kb-svg-icon-wrap{color:var(--ast-global-color-0);font-size:30px;}.wp-block-kadence-icon.kt-svg-icons_6cd905-07{justify-content:center;}<\/style>\n<div class=\"wp-block-kadence-icon kt-svg-icons kt-svg-icons_6cd905-07 alignleft\" style=\"text-align:center\"><div class=\"kt-svg-style-default kt-svg-icon-wrap kt-svg-item-0\"><div style=\"display:inline-flex;justify-content:center;align-items:center;color:var(--ast-global-color-0)\" class=\"kt-svg-icon kt-svg-icon-fe_phone\"><svg style=\"display:inline-block;vertical-align:middle\" viewbox=\"0 0 24 24\" height=\"30\" width=\"30\" fill=\"none\" stroke=\"currentColor\" xmlns=\"http:\/\/www.w3.org\/2000\/svg\" stroke-width=\"2\" stroke-linecap=\"round\" stroke-linejoin=\"round\" aria-hidden=\"true\"><path d=\"M22 16.92v3a2 2 0 0 1-2.18 2 19.79 19.79 0 0 1-8.63-3.07 19.5 19.5 0 0 1-6-6 19.79 19.79 0 0 1-3.07-8.67A2 2 0 0 1 4.11 2h3a2 2 0 0 1 2 1.72 12.84 12.84 0 0 0 .7 2.81 2 2 0 0 1-.45 2.11L8.09 9.91a16 16 0 0 0 6 6l1.27-1.27a2 2 0 0 1 2.11-.45 12.84 12.84 0 0 0 2.81.7A2 2 0 0 1 22 16.92z\"><\/path><\/svg><\/div><\/div><\/div>\n\n\n<style>.wp-block-kadence-advancedheading.kt-adv-heading_5f3590-3e, .wp-block-kadence-advancedheading.kt-adv-heading_5f3590-3e[data-kb-block=\"kb-adv-heading_5f3590-3e\"]{font-size:20px;font-style:normal;}.wp-block-kadence-advancedheading.kt-adv-heading_5f3590-3e mark.kt-highlight, .wp-block-kadence-advancedheading.kt-adv-heading_5f3590-3e[data-kb-block=\"kb-adv-heading_5f3590-3e\"] mark.kt-highlight{font-style:normal;color:#f76a0c;-webkit-box-decoration-break:clone;box-decoration-break:clone;padding-top:0px;padding-right:0px;padding-bottom:0px;padding-left:0px;}.wp-block-kadence-advancedheading.kt-adv-heading_5f3590-3e img.kb-inline-image, .wp-block-kadence-advancedheading.kt-adv-heading_5f3590-3e[data-kb-block=\"kb-adv-heading_5f3590-3e\"] img.kb-inline-image{width:150px;vertical-align:baseline;}<\/style>\n<p class=\"kt-adv-heading_5f3590-3e wp-block-kadence-advancedheading has-ast-global-color-0-color has-text-color\" data-kb-block=\"kb-adv-heading_5f3590-3e\"><strong>+34 937 447 218<\/strong><\/p>\n\n\n<style>.kt-svg-icons_e05ae9-e5 .kt-svg-item-0 .kb-svg-icon-wrap{color:var(--ast-global-color-0);font-size:30px;}.wp-block-kadence-icon.kt-svg-icons_e05ae9-e5{justify-content:center;}<\/style>\n<div class=\"wp-block-kadence-icon kt-svg-icons kt-svg-icons_e05ae9-e5 alignleft\" style=\"text-align:center\"><div class=\"kt-svg-style-default kt-svg-icon-wrap kt-svg-item-0\"><div style=\"display:inline-flex;justify-content:center;align-items:center;color:var(--ast-global-color-0)\" class=\"kt-svg-icon kt-svg-icon-fe_mail\"><svg style=\"display:inline-block;vertical-align:middle\" viewbox=\"0 0 24 24\" height=\"30\" width=\"30\" fill=\"none\" stroke=\"currentColor\" xmlns=\"http:\/\/www.w3.org\/2000\/svg\" stroke-width=\"2\" stroke-linecap=\"round\" stroke-linejoin=\"round\" aria-hidden=\"true\"><path d=\"M4 4h16c1.1 0 2 .9 2 2v12c0 1.1-.9 2-2 2H4c-1.1 0-2-.9-2-2V6c0-1.1.9-2 2-2z\"><\/path><polyline points=\"22,6 12,13 2,6\"><\/polyline><\/svg><\/div><\/div><\/div>\n\n\n<style>.wp-block-kadence-advancedheading.kt-adv-heading_fe121d-2d, .wp-block-kadence-advancedheading.kt-adv-heading_fe121d-2d[data-kb-block=\"kb-adv-heading_fe121d-2d\"]{font-size:20px;font-style:normal;}.wp-block-kadence-advancedheading.kt-adv-heading_fe121d-2d mark.kt-highlight, .wp-block-kadence-advancedheading.kt-adv-heading_fe121d-2d[data-kb-block=\"kb-adv-heading_fe121d-2d\"] mark.kt-highlight{font-style:normal;color:#f76a0c;-webkit-box-decoration-break:clone;box-decoration-break:clone;padding-top:0px;padding-right:0px;padding-bottom:0px;padding-left:0px;}.wp-block-kadence-advancedheading.kt-adv-heading_fe121d-2d img.kb-inline-image, .wp-block-kadence-advancedheading.kt-adv-heading_fe121d-2d[data-kb-block=\"kb-adv-heading_fe121d-2d\"] img.kb-inline-image{width:150px;vertical-align:baseline;}<\/style>\n<p class=\"kt-adv-heading_fe121d-2d wp-block-kadence-advancedheading has-ast-global-color-0-color has-text-color\" data-kb-block=\"kb-adv-heading_fe121d-2d\"><strong>info@gencotrade.es<\/strong><\/p>\n<\/div><\/div>\n\n\n\n<div class=\"wp-block-uagb-column uagb-column__wrap uagb-column__background-undefined uagb-block-67b4ee13\"><div class=\"uagb-column__overlay\"><\/div><div class=\"uagb-column__inner-wrap\">\t\t\t\t<div class = \"wp-block-uagb-cf7-styler uagb-cf7-styler__outer-wrap uagb-block-e509083d   \">\n\t\t\t\t\t<div class = \"uagb-cf7-styler__align-left uagb-cf7-styler__field-style-box uagb-cf7-styler__btn-align-left uagb-cf7-styler__btn-align-tablet- uagb-cf7-styler__btn-align-mobile- uagb-cf7-styler__highlight-style-default uagb-cf7-styler__check-style-enabled\">\n\t\t\t\t\t\n<div class=\"wpcf7 no-js\" id=\"wpcf7-f10-o1\" lang=\"es-ES\" dir=\"ltr\" data-wpcf7-id=\"10\">\n<div class=\"screen-reader-response\"><p role=\"status\" aria-live=\"polite\" aria-atomic=\"true\"><\/p> <ul><\/ul><\/div>\n<form action=\"\/fr\/wp-json\/wp\/v2\/pages\/5432#wpcf7-f10-o1\" method=\"post\" class=\"wpcf7-form init\" aria-label=\"Formulario de contacto\" novalidate=\"novalidate\" data-status=\"init\">\n<fieldset class=\"hidden-fields-container\"><input type=\"hidden\" name=\"_wpcf7\" value=\"10\" \/><input type=\"hidden\" name=\"_wpcf7_version\" value=\"6.1.4\" \/><input type=\"hidden\" name=\"_wpcf7_locale\" value=\"es_ES\" \/><input type=\"hidden\" name=\"_wpcf7_unit_tag\" value=\"wpcf7-f10-o1\" \/><input type=\"hidden\" name=\"_wpcf7_container_post\" value=\"0\" \/><input type=\"hidden\" name=\"_wpcf7_posted_data_hash\" value=\"\" \/><input type=\"hidden\" name=\"_wpcf7_recaptcha_response\" value=\"\" \/>\n<\/fieldset>\n<div id=\"responsive-form\" class=\"clearfix\">\n\t<div class=\"form-row\">\n\t\t<div class=\"column-half\">\n\t\t\t<p>*Nombre <span class=\"wpcf7-form-control-wrap\" data-name=\"first-name\"><input size=\"40\" maxlength=\"400\" class=\"wpcf7-form-control wpcf7-text wpcf7-validates-as-required\" aria-required=\"true\" aria-invalid=\"false\" value=\"\" type=\"text\" name=\"first-name\" \/><\/span>\n\t\t\t<\/p>\n\t\t<\/div>\n\t\t<div class=\"column-half\">\n\t\t\t<p>Apellidos <span class=\"wpcf7-form-control-wrap\" data-name=\"last-name\"><input size=\"40\" maxlength=\"400\" class=\"wpcf7-form-control wpcf7-text\" aria-invalid=\"false\" value=\"\" type=\"text\" name=\"last-name\" \/><\/span>\n\t\t\t<\/p>\n\t\t<\/div>\n\t<\/div>\n\t<div class=\"form-row\">\n\t\t<div class=\"column-half\">\n\t\t\t<p>*Email <span class=\"wpcf7-form-control-wrap\" data-name=\"your-email\"><input size=\"40\" maxlength=\"400\" class=\"wpcf7-form-control wpcf7-email wpcf7-validates-as-required wpcf7-text wpcf7-validates-as-email\" aria-required=\"true\" aria-invalid=\"false\" value=\"\" type=\"email\" name=\"your-email\" \/><\/span>\n\t\t\t<\/p>\n\t\t<\/div>\n\t\t<div class=\"column-half\">\n\t\t\t<p>Tel\u00e9fono <span class=\"wpcf7-form-control-wrap\" data-name=\"your-phone\"><input size=\"40\" maxlength=\"400\" class=\"wpcf7-form-control wpcf7-text\" aria-invalid=\"false\" value=\"\" type=\"text\" name=\"your-phone\" \/><\/span>\n\t\t\t<\/p>\n\t\t<\/div>\n\t<\/div>\n\t<div class=\"form-row\">\n\t\t<div class=\"column-full\">\n\t\t\t<p>Escriba su mensaje <span class=\"wpcf7-form-control-wrap\" data-name=\"your-message\"><textarea cols=\"40\" rows=\"10\" maxlength=\"2000\" class=\"wpcf7-form-control wpcf7-textarea\" aria-invalid=\"false\" name=\"your-message\"><\/textarea><\/span>\n\t\t\t<\/p>\n\t\t<\/div>\n\t<\/div>\n\t<div class=\"form-row\">\n\t\t<div class=\"column-full\">\n\t\t\t<p><span class=\"wpcf7-form-control-wrap\" data-name=\"acceptance-502\"><span class=\"wpcf7-form-control wpcf7-acceptance\"><span class=\"wpcf7-list-item\"><label><input type=\"checkbox\" name=\"acceptance-502\" value=\"1\" aria-invalid=\"false\" \/><span class=\"wpcf7-list-item-label\">He le\u00eddo y acepto la <a href=\"https:\/\/gencotrade.es\/politica-de-privacidad\" target=\"_blank\">Pol\u00edtica de privacidad<\/a><\/span><\/label><\/span><\/span><\/span>\n\t\t\t<\/p>\n\t\t<\/div>\n\t<\/div>\n\t<div class=\"texto-legal\">\n\t\t<p>En cumplimiento de lo establecido en la normativa vigente de Protecci\u00f3n de Datos de Car\u00e1cter Personal, le comunicamos que los datos recogidos en el presente formulario quedar\u00e1n incorporados y ser\u00e1n tratados en el fichero denominado Usuarios Web bajo la responsabilidad de GESTI\u00d3N DE ESCOMBROS Y CONTENEDORES, SL con el fin de poder prestar sus servicios, as\u00ed como para mantenerle informado sobre cuestiones relativas a la actividad de la empresa.<br \/>\nLe informamos que los datos que nos facilite ser\u00e1n tratados de forma leal, transparente, adecuada, pertinente, limitada, exacta y actualizada y no se comunicar\u00e1n o ceder\u00e1n a terceros, exceptuando que esta comunicaci\u00f3n sea necesaria o pueda suponer una mejora para la finalidad de los mismos, siempre acorde a la normativa vigente en materia de protecci\u00f3n de datos, Reglamento General de Protecci\u00f3n de Datos.<br \/>\nEn el supuesto de que se produzcan cambios en alguno de los datos facilitados, con la finalidad de mantener nuestro fichero actualizado, le rogamos nos lo comunique por escrito.<br \/>\nLe informamos de la posibilidad que tiene de ejercer los derechos de acceso, rectificaci\u00f3n, supresi\u00f3n, oposici\u00f3n, limitaci\u00f3n del tratamiento y portabilidad de sus datos de car\u00e1cter personal de forma presencial en las oficinas de GESTI\u00d3N DE ESCOMBROS Y CONTENEDORES, SL, acompa\u00f1ando copia de DNI, o bien mediante correo postal a C\/ FONT 16, 08960 SANT JUST DESVERN, BARCELONA, o correo electr\u00f3nico admin@gencotrade.es.\n\t\t<\/p>\n\t<\/div>\n\t<div class=\"form-row\">\n\t\t<div class=\"column-full\">\n\t\t\t<p><input class=\"wpcf7-form-control wpcf7-submit has-spinner\" type=\"submit\" value=\"Enviar\" \/>\n\t\t\t<\/p>\n\t\t<\/div>\n\t<\/div>\n<\/div><div class=\"wpcf7-response-output\" aria-hidden=\"true\"><\/div>\n<\/form>\n<\/div>\n\t\t\t\t\t<\/div>\n\t\t\t\t<\/div>\n\t\t\t\t<\/div><\/div>\n<\/div><\/section>\n","protected":false},"excerpt":{"rendered":"<p>Contact. contactez-nous. Si vous pensez pouvoir nous fournir un produit, ou si vous souhaitez travailler avec nous, veuillez remplir le formulaire suivant et nous vous r\u00e9pondrons dans les plus brefs d\u00e9lais. +34 937 447 218 info@gencotrade.es<\/p>\n","protected":false},"author":1,"featured_media":0,"parent":0,"menu_order":0,"comment_status":"closed","ping_status":"closed","template":"","meta":{"_coblocks_attr":"","_coblocks_dimensions":"","_coblocks_responsive_height":"","_coblocks_accordion_ie_support":"","_uag_custom_page_level_css":"","kk_blocks_editor_width":"","_kiokenblocks_attr":"","_kiokenblocks_dimensions":"","site-sidebar-layout":"no-sidebar","site-content-layout":"plain-container","ast-site-content-layout":"default","site-content-style":"default","site-sidebar-style":"default","ast-global-header-display":"","ast-banner-title-visibility":"","ast-main-header-display":"","ast-hfb-above-header-display":"","ast-hfb-below-header-display":"","ast-hfb-mobile-header-display":"","site-post-title":"disabled","ast-breadcrumbs-content":"","ast-featured-img":"","footer-sml-layout":"","ast-disable-related-posts":"","theme-transparent-header-meta":"","adv-header-id-meta":"","stick-header-meta":"","header-above-stick-meta":"","header-main-stick-meta":"","header-below-stick-meta":"","astra-migrate-meta-layouts":"default","ast-page-background-enabled":"default","ast-page-background-meta":{"desktop":{"background-color":"var(--ast-global-color-4)","background-image":"","background-repeat":"repeat","background-position":"center center","background-size":"auto","background-attachment":"scroll","background-type":"","background-media":"","overlay-type":"","overlay-color":"","overlay-opacity":"","overlay-gradient":""},"tablet":{"background-color":"","background-image":"","background-repeat":"repeat","background-position":"center center","background-size":"auto","background-attachment":"scroll","background-type":"","background-media":"","overlay-type":"","overlay-color":"","overlay-opacity":"","overlay-gradient":""},"mobile":{"background-color":"","background-image":"","background-repeat":"repeat","background-position":"center center","background-size":"auto","background-attachment":"scroll","background-type":"","background-media":"","overlay-type":"","overlay-color":"","overlay-opacity":"","overlay-gradient":""}},"ast-content-background-meta":{"desktop":{"background-color":"var(--ast-global-color-5)","background-image":"","background-repeat":"repeat","background-position":"center center","background-size":"auto","background-attachment":"scroll","background-type":"","background-media":"","overlay-type":"","overlay-color":"","overlay-opacity":"","overlay-gradient":""},"tablet":{"background-color":"var(--ast-global-color-5)","background-image":"","background-repeat":"repeat","background-position":"center center","background-size":"auto","background-attachment":"scroll","background-type":"","background-media":"","overlay-type":"","overlay-color":"","overlay-opacity":"","overlay-gradient":""},"mobile":{"background-color":"var(--ast-global-color-5)","background-image":"","background-repeat":"repeat","background-position":"center center","background-size":"auto","background-attachment":"scroll","background-type":"","background-media":"","overlay-type":"","overlay-color":"","overlay-opacity":"","overlay-gradient":""}},"footnotes":""},"class_list":["post-5432","page","type-page","status-publish","hentry"],"uagb_featured_image_src":{"full":false,"thumbnail":false,"medium":false,"medium_large":false,"large":false,"1536x1536":false,"2048x2048":false},"uagb_author_info":{"display_name":"empiezapori","author_link":"https:\/\/gencotrade.es\/fr\/author\/empiezapori"},"uagb_comment_info":0,"uagb_excerpt":"Contact. contactez-nous. Si vous pensez pouvoir nous fournir un produit, ou si vous souhaitez travailler avec nous, veuillez remplir le formulaire suivant et nous vous r\u00e9pondrons dans les plus brefs d\u00e9lais. +34 937 447 218 info@gencotrade.es","_links":{"self":[{"href":"https:\/\/gencotrade.es\/fr\/wp-json\/wp\/v2\/pages\/5432","targetHints":{"allow":["GET"]}}],"collection":[{"href":"https:\/\/gencotrade.es\/fr\/wp-json\/wp\/v2\/pages"}],"about":[{"href":"https:\/\/gencotrade.es\/fr\/wp-json\/wp\/v2\/types\/page"}],"author":[{"embeddable":true,"href":"https:\/\/gencotrade.es\/fr\/wp-json\/wp\/v2\/users\/1"}],"replies":[{"embeddable":true,"href":"https:\/\/gencotrade.es\/fr\/wp-json\/wp\/v2\/comments?post=5432"}],"version-history":[{"count":1,"href":"https:\/\/gencotrade.es\/fr\/wp-json\/wp\/v2\/pages\/5432\/revisions"}],"predecessor-version":[{"id":5433,"href":"https:\/\/gencotrade.es\/fr\/wp-json\/wp\/v2\/pages\/5432\/revisions\/5433"}],"wp:attachment":[{"href":"https:\/\/gencotrade.es\/fr\/wp-json\/wp\/v2\/media?parent=5432"}],"curies":[{"name":"wp","href":"https:\/\/api.w.org\/{rel}","templated":true}]}}