{"id":5430,"date":"2025-01-09T10:12:08","date_gmt":"2025-01-09T09:12:08","guid":{"rendered":"https:\/\/gencotrade.es\/certificats"},"modified":"2025-01-09T10:12:09","modified_gmt":"2025-01-09T09:12:09","slug":"certificats","status":"publish","type":"page","link":"https:\/\/gencotrade.es\/fr\/certificats","title":{"rendered":"certificats"},"content":{"rendered":"\n<section class=\"wp-block-uagb-columns uagb-columns__wrap uagb-columns__background-image uagb-columns__stack-mobile uagb-columns__valign-undefined uagb-columns__gap-10 alignfull uagb-block-cb3dcd8a\"><div class=\"uagb-columns__overlay\"><\/div><div class=\"uagb-columns__inner-wrap uagb-columns__columns-1\">\n<div class=\"wp-block-uagb-column uagb-column__wrap uagb-column__background-color uagb-block-7c03c8a5\"><div class=\"uagb-column__overlay\"><\/div><div class=\"uagb-column__inner-wrap\"><style>.wp-block-kadence-advancedheading.kt-adv-heading_9bc0df-70, .wp-block-kadence-advancedheading.kt-adv-heading_9bc0df-70[data-kb-block=\"kb-adv-heading_9bc0df-70\"]{margin-bottom:0px;padding-bottom:0px;text-align:center;font-size:50px;font-style:normal;}.wp-block-kadence-advancedheading.kt-adv-heading_9bc0df-70 mark.kt-highlight, .wp-block-kadence-advancedheading.kt-adv-heading_9bc0df-70[data-kb-block=\"kb-adv-heading_9bc0df-70\"] mark.kt-highlight{font-style:normal;color:#f76a0c;-webkit-box-decoration-break:clone;box-decoration-break:clone;padding-top:0px;padding-right:0px;padding-bottom:0px;padding-left:0px;}.wp-block-kadence-advancedheading.kt-adv-heading_9bc0df-70 img.kb-inline-image, .wp-block-kadence-advancedheading.kt-adv-heading_9bc0df-70[data-kb-block=\"kb-adv-heading_9bc0df-70\"] img.kb-inline-image{width:150px;vertical-align:baseline;}@media all and (max-width: 767px){.wp-block-kadence-advancedheading.kt-adv-heading_9bc0df-70, .wp-block-kadence-advancedheading.kt-adv-heading_9bc0df-70[data-kb-block=\"kb-adv-heading_9bc0df-70\"]{font-size:30px;}}<\/style>\n<h1 class=\"kt-adv-heading_9bc0df-70 wp-block-kadence-advancedheading\" data-kb-block=\"kb-adv-heading_9bc0df-70\">Demande de certificat<\/h1>\n\n\n\n<div class=\"wp-block-kioken-spacer is-style-custom\" style=\"color:var(--ast-global-color-0);height:10px\"><div class=\"spacer-inner-wrap kt_d_flex kt_flex_aligncenter kt_flex_justifycenter\"><span class=\"spacer-line\" style=\"color:var(--ast-global-color-0);max-width:7%;border-bottom-style:solid;border-bottom-width:3px\"><\/span><\/div><hr><\/div>\n\n\n<style>.wp-block-kadence-spacer.kt-block-spacer-_6b79de-c5 .kt-block-spacer{height:30px;}.wp-block-kadence-spacer.kt-block-spacer-_6b79de-c5 .kt-divider{border-top-width:1px;height:1px;border-top-color:#eee;width:80%;border-top-style:solid;}<\/style>\n<div class=\"wp-block-kadence-spacer aligncenter kt-block-spacer-_6b79de-c5\"><div class=\"kt-block-spacer kt-block-spacer-halign-center\" style=\"height:30px\"><\/div><\/div>\n\n\n\t\t\t\t<div class = \"wp-block-uagb-cf7-styler uagb-cf7-styler__outer-wrap uagb-block-cfd9cfa0   \">\n\t\t\t\t\t<div class = \"uagb-cf7-styler__align-left uagb-cf7-styler__field-style-box uagb-cf7-styler__btn-align-left uagb-cf7-styler__btn-align-tablet- uagb-cf7-styler__btn-align-mobile- uagb-cf7-styler__highlight-style-default uagb-cf7-styler__check-style-enabled\">\n\t\t\t\t\t\n<div class=\"wpcf7 no-js\" id=\"wpcf7-f345-o1\" lang=\"es-ES\" dir=\"ltr\" data-wpcf7-id=\"345\">\n<div class=\"screen-reader-response\"><p role=\"status\" aria-live=\"polite\" aria-atomic=\"true\"><\/p> <ul><\/ul><\/div>\n<form action=\"\/fr\/wp-json\/wp\/v2\/pages\/5430#wpcf7-f345-o1\" method=\"post\" class=\"wpcf7-form init\" aria-label=\"Formulario de contacto\" novalidate=\"novalidate\" data-status=\"init\">\n<fieldset class=\"hidden-fields-container\"><input type=\"hidden\" name=\"_wpcf7\" value=\"345\" \/><input type=\"hidden\" name=\"_wpcf7_version\" value=\"6.1.4\" \/><input type=\"hidden\" name=\"_wpcf7_locale\" value=\"es_ES\" \/><input type=\"hidden\" name=\"_wpcf7_unit_tag\" value=\"wpcf7-f345-o1\" \/><input type=\"hidden\" name=\"_wpcf7_container_post\" value=\"0\" \/><input type=\"hidden\" name=\"_wpcf7_posted_data_hash\" value=\"\" \/><input type=\"hidden\" name=\"_wpcf7_recaptcha_response\" value=\"\" \/>\n<\/fieldset>\n<p><label><\/label>\n<\/p>\n<h4 style=\"color:#B0181A\";> \u00bfQu\u00e9 certificado necesita?\n<\/h4>\n<p><label>Selecciona el tipo:<br \/>\n<span class=\"wpcf7-form-control-wrap\" data-name=\"menu-346\"><select class=\"wpcf7-form-control wpcf7-select wpcf7-validates-as-required\" aria-required=\"true\" aria-invalid=\"false\" name=\"menu-346\"><option value=\"\">&#8212;Por favor, elige una opci\u00f3n&#8212;<\/option><option value=\"Certificado de inicio de obra\">Certificado de inicio de obra<\/option><option value=\"Certificado de final de obra\">Certificado de final de obra<\/option><\/select><\/span><\/label>\n<\/p>\n<p><label><\/label>\n<\/p>\n<h4 style=\"color:#B0181A\";> Solicitante del certificado\n<\/h4>\n<div class=\"form-row\">\n\t<div class=\"column-half\">\n\t\t<p>Nombre de empresa \/ particular:<br \/>\n<span class=\"wpcf7-form-control-wrap\" data-name=\"your-name\"><input size=\"40\" maxlength=\"400\" class=\"wpcf7-form-control wpcf7-text wpcf7-validates-as-required\" aria-required=\"true\" aria-invalid=\"false\" value=\"\" type=\"text\" name=\"your-name\" \/><\/span>\n\t\t<\/p>\n\t<\/div>\n\t<div class=\"form-row\">\n\t\t<div class=\"column-half\">\n\t\t\t<p>Domicilio social:<br \/>\n<span class=\"wpcf7-form-control-wrap\" data-name=\"domicilio-social\"><input size=\"40\" maxlength=\"400\" class=\"wpcf7-form-control wpcf7-text wpcf7-validates-as-required\" aria-required=\"true\" aria-invalid=\"false\" value=\"\" type=\"text\" name=\"domicilio-social\" \/><\/span>\n\t\t\t<\/p>\n\t\t<\/div>\n\t\t<div class=\"form-row\">\n\t\t\t<div class=\"column-half\">\n\t\t\t\t<p>Poblaci\u00f3n: <span class=\"wpcf7-form-control-wrap\" data-name=\"poblacion\"><input size=\"40\" maxlength=\"400\" class=\"wpcf7-form-control wpcf7-text wpcf7-validates-as-required\" aria-required=\"true\" aria-invalid=\"false\" value=\"\" type=\"text\" name=\"poblacion\" \/><\/span>\n\t\t\t\t<\/p>\n\t\t\t<\/div>\n\t\t\t<div class=\"form-row\">\n\t\t\t\t<div class=\"column-half\">\n\t\t\t\t\t<p>C\u00f3digo postal: <span class=\"wpcf7-form-control-wrap\" data-name=\"codigo-postal\"><input size=\"40\" maxlength=\"400\" class=\"wpcf7-form-control wpcf7-text wpcf7-validates-as-required\" aria-required=\"true\" aria-invalid=\"false\" value=\"\" type=\"text\" name=\"codigo-postal\" \/><\/span>\n\t\t\t\t\t<\/p>\n\t\t\t\t<\/div>\n\t\t\t\t<div class=\"form-row\">\n\t\t\t\t\t<div class=\"column-half\">\n\t\t\t\t\t\t<p>Correo electr\u00f3nico: <span class=\"wpcf7-form-control-wrap\" data-name=\"your-email\"><input size=\"40\" maxlength=\"400\" class=\"wpcf7-form-control wpcf7-email wpcf7-validates-as-required wpcf7-text wpcf7-validates-as-email\" aria-required=\"true\" aria-invalid=\"false\" value=\"\" type=\"email\" name=\"your-email\" \/><\/span>\n\t\t\t\t\t\t<\/p>\n\t\t\t\t\t<\/div>\n\t\t\t\t\t<div class=\"form-row\">\n\t\t\t\t\t\t<div class=\"column-half\">\n\t\t\t\t\t\t\t<p>CIF\/NIF: <span class=\"wpcf7-form-control-wrap\" data-name=\"cif-nif\"><input size=\"40\" maxlength=\"400\" class=\"wpcf7-form-control wpcf7-text wpcf7-validates-as-required\" aria-required=\"true\" aria-invalid=\"false\" value=\"\" type=\"text\" name=\"cif-nif\" \/><\/span>\n\t\t\t\t\t\t\t<\/p>\n\t\t\t\t\t\t<\/div>\n\t\t\t\t\t\t<p><label><\/label>\n\t\t\t\t\t\t<\/p>\n\t\t\t\t\t\t<h4 style=\"color:#B0181A\";> Cantidad de m<sup>3<\/sup> a certificar\n\t\t\t\t\t\t<\/h4>\n\t\t\t\t\t\t<p><label>N\u00famero de m<sup>3<\/sup>:<br \/>\n<span class=\"wpcf7-form-control-wrap\" data-name=\"contenedores\"><input class=\"wpcf7-form-control wpcf7-number wpcf7-validates-as-required wpcf7-validates-as-number\" aria-required=\"true\" aria-invalid=\"false\" value=\"\" type=\"number\" name=\"contenedores\" \/><\/span><\/label>\n\t\t\t\t\t\t<\/p>\n\t\t\t\t\t\t<p><label><\/label>\n\t\t\t\t\t\t<\/p>\n\t\t\t\t\t\t<h4 style=\"color:#B0181A\";> \u00bfD\u00f3nde se ha hecho la obra?\n\t\t\t\t\t\t<\/h4>\n\t\t\t\t\t\t<p><label> Nombre \/ referencia de la obra:<br \/>\n<span class=\"wpcf7-form-control-wrap\" data-name=\"nombre-obra\"><input size=\"40\" maxlength=\"400\" class=\"wpcf7-form-control wpcf7-text wpcf7-validates-as-required\" aria-required=\"true\" aria-invalid=\"false\" value=\"\" type=\"text\" name=\"nombre-obra\" \/><\/span> <\/label>\n\t\t\t\t\t\t<\/p>\n\t\t\t\t\t\t<div class=\"form-row\">\n\t\t\t\t\t\t\t<div class=\"column-half\">\n\t\t\t\t\t\t\t\t<p>Expediente municipal:<br \/>\n<span class=\"wpcf7-form-control-wrap\" data-name=\"expediente\"><input size=\"40\" maxlength=\"400\" class=\"wpcf7-form-control wpcf7-text wpcf7-validates-as-required\" aria-required=\"true\" aria-invalid=\"false\" value=\"\" type=\"text\" name=\"expediente\" \/><\/span>\n\t\t\t\t\t\t\t\t<\/p>\n\t\t\t\t\t\t\t<\/div>\n\t\t\t\t\t\t\t<div class=\"form-row\">\n\t\t\t\t\t\t\t\t<div class=\"column-half\">\n\t\t\t\t\t\t\t\t\t<p>Domicilio de la obra:<br \/>\n<span class=\"wpcf7-form-control-wrap\" data-name=\"domicilio-obra\"><input size=\"40\" maxlength=\"400\" class=\"wpcf7-form-control wpcf7-text wpcf7-validates-as-required\" aria-required=\"true\" aria-invalid=\"false\" value=\"\" type=\"text\" name=\"domicilio-obra\" \/><\/span>\n\t\t\t\t\t\t\t\t\t<\/p>\n\t\t\t\t\t\t\t\t<\/div>\n\t\t\t\t\t\t\t\t<div class=\"form-row\">\n\t\t\t\t\t\t\t\t\t<div class=\"column-half\">\n\t\t\t\t\t\t\t\t\t\t<p>Poblaci\u00f3n: <span class=\"wpcf7-form-control-wrap\" data-name=\"poblacion-obra\"><input size=\"40\" maxlength=\"400\" class=\"wpcf7-form-control wpcf7-text wpcf7-validates-as-required\" aria-required=\"true\" aria-invalid=\"false\" value=\"\" type=\"text\" name=\"poblacion-obra\" \/><\/span>\n\t\t\t\t\t\t\t\t\t\t<\/p>\n\t\t\t\t\t\t\t\t\t<\/div>\n\t\t\t\t\t\t\t\t\t<div class=\"form-row\">\n\t\t\t\t\t\t\t\t\t\t<div class=\"column-half\">\n\t\t\t\t\t\t\t\t\t\t\t<p>C\u00f3digo postal: <span class=\"wpcf7-form-control-wrap\" data-name=\"codigo-postal-obra\"><input size=\"40\" maxlength=\"400\" class=\"wpcf7-form-control wpcf7-text wpcf7-validates-as-required\" aria-required=\"true\" aria-invalid=\"false\" value=\"\" type=\"text\" name=\"codigo-postal-obra\" \/><\/span>\n\t\t\t\t\t\t\t\t\t\t\t<\/p>\n\t\t\t\t\t\t\t\t\t\t<\/div>\n\t\t\t\t\t\t\t\t\t\t<div class=\"form-row\">\n\t\t\t\t\t\t\t\t\t\t\t<div class=\"column-full\">\n\t\t\t\t\t\t\t\t\t\t\t\t<p><span class=\"wpcf7-form-control-wrap\" data-name=\"acceptance-502\"><span class=\"wpcf7-form-control wpcf7-acceptance\"><span class=\"wpcf7-list-item\"><label><input type=\"checkbox\" name=\"acceptance-502\" value=\"1\" aria-invalid=\"false\" \/><span class=\"wpcf7-list-item-label\">He le\u00eddo y acepto la <a href=\"https:\/\/gencotrade.es\/politica-de-privacidad\" target=\"_blank\">Pol\u00edtica de privacidad<\/a><\/span><\/label><\/span><\/span><\/span>\n\t\t\t\t\t\t\t\t\t\t\t\t<\/p>\n\t\t\t\t\t\t\t\t\t\t\t<\/div>\n\t\t\t\t\t\t\t\t\t\t<\/div>\n\t\t\t\t\t\t\t\t\t\t<div class=\"texto-legal\">\n\t\t\t\t\t\t\t\t\t\t\t<p>En cumplimiento de lo establecido en la normativa vigente de Protecci\u00f3n de Datos de Car\u00e1cter Personal, le comunicamos que los datos recogidos en el presente formulario quedar\u00e1n incorporados y ser\u00e1n tratados en el fichero denominado Usuarios Web bajo la responsabilidad de GESTI\u00d3N DE ESCOMBROS Y CONTENEDORES, SL con el fin de poder prestar sus servicios, as\u00ed como para mantenerle informado sobre cuestiones relativas a la actividad de la empresa.<br \/>\nLe informamos que los datos que nos facilite ser\u00e1n tratados de forma leal, transparente, adecuada, pertinente, limitada, exacta y actualizada y no se comunicar\u00e1n o ceder\u00e1n a terceros, exceptuando que esta comunicaci\u00f3n sea necesaria o pueda suponer una mejora para la finalidad de los mismos, siempre acorde a la normativa vigente en materia de protecci\u00f3n de datos, Reglamento General de Protecci\u00f3n de Datos.<br \/>\nEn el supuesto de que se produzcan cambios en alguno de los datos facilitados, con la finalidad de mantener nuestro fichero actualizado, le rogamos nos lo comunique por escrito.<br \/>\nLe informamos de la posibilidad que tiene de ejercer los derechos de acceso, rectificaci\u00f3n, supresi\u00f3n, oposici\u00f3n, limitaci\u00f3n del tratamiento y portabilidad de sus datos de car\u00e1cter personal de forma presencial en las oficinas de GESTI\u00d3N DE ESCOMBROS Y CONTENEDORES, SL, acompa\u00f1ando copia de DNI, o bien mediante correo postal a C\/ FONT 16, 08960 SANT JUST DESVERN, BARCELONA, o correo electr\u00f3nico admin@gencotrade.es.\n\t\t\t\t\t\t\t\t\t\t\t<\/p>\n\t\t\t\t\t\t\t\t\t\t<\/div>\n\t\t\t\t\t\t\t\t\t\t<div class=\"form-row\">\n\t\t\t\t\t\t\t\t\t\t\t<div class=\"column-full\">\n\t\t\t\t\t\t\t\t\t\t\t\t<p><input class=\"wpcf7-form-control wpcf7-submit has-spinner\" type=\"submit\" value=\"Enviar\" \/>\n\t\t\t\t\t\t\t\t\t\t\t\t<\/p>\n\t\t\t\t\t\t\t\t\t\t\t<\/div>\n\t\t\t\t\t\t\t\t\t\t<\/div>\n\t\t\t\t\t\t\t\t\t<\/div>\n\t\t\t\t\t\t\t\t<\/div>\n\t\t\t\t\t\t\t<\/div>\n\t\t\t\t\t\t<\/div>\n\t\t\t\t\t<\/div>\n\t\t\t\t<\/div>\n\t\t\t<\/div>\n\t\t<\/div>\n\t<\/div>\n<\/div><div class=\"wpcf7-response-output\" aria-hidden=\"true\"><\/div>\n<\/form>\n<\/div>\n\t\t\t\t\t<\/div>\n\t\t\t\t<\/div>\n\t\t\t\t<\/div><\/div>\n<\/div><\/section>\n","protected":false},"excerpt":{"rendered":"<p>Demande de certificat<\/p>\n","protected":false},"author":1,"featured_media":0,"parent":0,"menu_order":0,"comment_status":"closed","ping_status":"closed","template":"","meta":{"_coblocks_attr":"","_coblocks_dimensions":"","_coblocks_responsive_height":"","_coblocks_accordion_ie_support":"","_uag_custom_page_level_css":"","kk_blocks_editor_width":"","_kiokenblocks_attr":"","_kiokenblocks_dimensions":"","site-sidebar-layout":"no-sidebar","site-content-layout":"plain-container","ast-site-content-layout":"default","site-content-style":"default","site-sidebar-style":"default","ast-global-header-display":"","ast-banner-title-visibility":"","ast-main-header-display":"","ast-hfb-above-header-display":"","ast-hfb-below-header-display":"","ast-hfb-mobile-header-display":"","site-post-title":"disabled","ast-breadcrumbs-content":"","ast-featured-img":"","footer-sml-layout":"","ast-disable-related-posts":"","theme-transparent-header-meta":"","adv-header-id-meta":"","stick-header-meta":"","header-above-stick-meta":"","header-main-stick-meta":"","header-below-stick-meta":"","astra-migrate-meta-layouts":"default","ast-page-background-enabled":"default","ast-page-background-meta":{"desktop":{"background-color":"var(--ast-global-color-4)","background-image":"","background-repeat":"repeat","background-position":"center center","background-size":"auto","background-attachment":"scroll","background-type":"","background-media":"","overlay-type":"","overlay-color":"","overlay-opacity":"","overlay-gradient":""},"tablet":{"background-color":"","background-image":"","background-repeat":"repeat","background-position":"center center","background-size":"auto","background-attachment":"scroll","background-type":"","background-media":"","overlay-type":"","overlay-color":"","overlay-opacity":"","overlay-gradient":""},"mobile":{"background-color":"","background-image":"","background-repeat":"repeat","background-position":"center center","background-size":"auto","background-attachment":"scroll","background-type":"","background-media":"","overlay-type":"","overlay-color":"","overlay-opacity":"","overlay-gradient":""}},"ast-content-background-meta":{"desktop":{"background-color":"var(--ast-global-color-5)","background-image":"","background-repeat":"repeat","background-position":"center center","background-size":"auto","background-attachment":"scroll","background-type":"","background-media":"","overlay-type":"","overlay-color":"","overlay-opacity":"","overlay-gradient":""},"tablet":{"background-color":"var(--ast-global-color-5)","background-image":"","background-repeat":"repeat","background-position":"center center","background-size":"auto","background-attachment":"scroll","background-type":"","background-media":"","overlay-type":"","overlay-color":"","overlay-opacity":"","overlay-gradient":""},"mobile":{"background-color":"var(--ast-global-color-5)","background-image":"","background-repeat":"repeat","background-position":"center center","background-size":"auto","background-attachment":"scroll","background-type":"","background-media":"","overlay-type":"","overlay-color":"","overlay-opacity":"","overlay-gradient":""}},"footnotes":""},"class_list":["post-5430","page","type-page","status-publish","hentry"],"uagb_featured_image_src":{"full":false,"thumbnail":false,"medium":false,"medium_large":false,"large":false,"1536x1536":false,"2048x2048":false},"uagb_author_info":{"display_name":"empiezapori","author_link":"https:\/\/gencotrade.es\/fr\/author\/empiezapori"},"uagb_comment_info":0,"uagb_excerpt":"Demande de certificat","_links":{"self":[{"href":"https:\/\/gencotrade.es\/fr\/wp-json\/wp\/v2\/pages\/5430","targetHints":{"allow":["GET"]}}],"collection":[{"href":"https:\/\/gencotrade.es\/fr\/wp-json\/wp\/v2\/pages"}],"about":[{"href":"https:\/\/gencotrade.es\/fr\/wp-json\/wp\/v2\/types\/page"}],"author":[{"embeddable":true,"href":"https:\/\/gencotrade.es\/fr\/wp-json\/wp\/v2\/users\/1"}],"replies":[{"embeddable":true,"href":"https:\/\/gencotrade.es\/fr\/wp-json\/wp\/v2\/comments?post=5430"}],"version-history":[{"count":1,"href":"https:\/\/gencotrade.es\/fr\/wp-json\/wp\/v2\/pages\/5430\/revisions"}],"predecessor-version":[{"id":5431,"href":"https:\/\/gencotrade.es\/fr\/wp-json\/wp\/v2\/pages\/5430\/revisions\/5431"}],"wp:attachment":[{"href":"https:\/\/gencotrade.es\/fr\/wp-json\/wp\/v2\/media?parent=5430"}],"curies":[{"name":"wp","href":"https:\/\/api.w.org\/{rel}","templated":true}]}}