{"id":1357,"date":"2022-01-28T10:50:05","date_gmt":"2022-01-28T09:50:05","guid":{"rendered":"https:\/\/gencotrade.es\/politica-de-privacidad"},"modified":"2025-01-13T12:14:02","modified_gmt":"2025-01-13T11:14:02","slug":"politica-de-privadesa","status":"publish","type":"page","link":"https:\/\/gencotrade.es\/ca\/politica-de-privadesa","title":{"rendered":"Pol\u00edtica de privadesa"},"content":{"rendered":"\n<p>GESTI\u00d3 DE RUNS I CONTENIDORS, SL garanteix la privadesa de les dades de car\u00e0cter personal aportades, segons el Reglament General de Protecci\u00f3 de Dades (RGPD).<\/p>\n\n<p>La visita a aquesta p\u00e0gina web no suposa que l&#8217;usuari estigui obligat a facilitar cap informaci\u00f3 sobre si mateix, per\u00f2 durant la visita \u00e9s possible que se sol\u00b7licitin dades de car\u00e0cter personal a trav\u00e9s de formularis.<\/p>\n\n<p>Aquestes dades seran incorporades a un fitxer responsabilitat de GESTI\u00d3 DE BARRES I CONTENIDORS, SL i seran utilitzades per a les seg\u00fcents finalitats; c ontestar les sol\u00b7licituds realitzades per la seva banda, per enviar-los informaci\u00f3 de la nostra empresa i serveis sol\u00b7licitats o oferts per qualsevol mitj\u00e0 de comunicaci\u00f3. Per donar compliment a les sol\u00b7licituds, l&#8217;interessat autoritza a GESTI\u00d3 DE RUNS I CONTENIDORS, SL a cedir les seves dades a les empreses associades o col\u00b7laboradores amb les quals hi ha contractes de prestaci\u00f3 de serveis relacionats amb l&#8217;activitat, com estipula la normativa vigent als articles 10, 11 i 12 del RGPD, amb la finalitat de prestar un servei adequat en base a les peticions realitzades per vost\u00e8. En enviar-nos aquest formulari, vost\u00e8 est\u00e0 acceptant expl\u00edcitament la recepci\u00f3 i tractament dels mateixos per a les finalitats expressades. Aquestes dades es cancel\u00b7laran a petici\u00f3 seva o una vegada satisfeta la finalitat per a la qual van ser recollides.   <\/p>\n\n<p><strong>Com exercitar els drets:<\/strong> Els usuaris poden adre\u00e7ar una comunicaci\u00f3 per escrit a GESTI\u00d3 DE RUNS I CONTENIDORS, SL amb domicili al c\/ FONT 16, 08960 SANT JUST DESVERN, BARCELONA, oa l&#8217;adre\u00e7a de correu electr\u00f2nic <a href=\"mailto:admin@gencotrade.es\">admin@gencotrade.es<\/a> incloent-hi casos una fotoc\u00f2pia del seu DNI o un altre document identificatiu similar, per exercitar els seus drets, que s\u00f3n els seg\u00fcents:<\/p>\n\n<ul class=\"wp-block-list\"><li>Dret a sol\u00b7licitar l&#8217;acc\u00e9s a les dades personals: podreu preguntar a GESTI\u00d3 DE RUNS I CONTENIDORS, SL si aquesta empresa est\u00e0 tractant les vostres dades.<\/li><li>Dret a sol\u00b7licitar-ne la rectificaci\u00f3 (en el cas que siguin incorrectes) o supressi\u00f3.<\/li><li>Dret a sol\u00b7licitar la limitaci\u00f3 del seu tractament, i en este cas \u00fanicament seran conservats per GESTI\u00d3N DE BANCOS I CONTENIDORS, SL per a l&#8217;exercici o la defensa de reclamacions.<\/li><li>Dret a oposar-se al tractament: GESTI\u00d3 DE RUNS I CONTENIDORS, SL deixar\u00e0 de tractar les dades en la forma que vost\u00e8 indiqui, llevat que per motius leg\u00edtims imperiosos o l&#8217;exercici o la defensa de possibles reclamacions s&#8217;hagin de seguir tractant.<\/li><li>Dret a la portabilitat de les dades: en cas que vulgui que les vostres dades siguin tractades per una altra signatura, GESTI\u00d3 DE RUNS I CONTENIDORS, SL us facilitar\u00e0 la portabilitat de les vostres dades al nou responsable.<\/li><\/ul>\n\n<p><strong>Possibilitat de retirar el consentiment:<\/strong> en cas que s&#8217;hagi atorgat el consentiment per a alguna finalitat espec\u00edfica, vost\u00e8 t\u00e9 dret a retirar el consentiment en qualsevol moment, sense que aix\u00f2 afecti la licitud del tractament basat en el consentiment previ a la seva retirada.<\/p>\n\n<p><strong>Com reclamar davant l&#8217;Autoritat de Control:<\/strong> Si un usuari considera que hi ha un problema amb la forma en qu\u00e8 GESTI\u00d3 DE BARRES I CONTENIDORS, SL est\u00e0 manejant les seves dades, pot dirigir les seves reclamacions a l&#8217;autoritat de protecci\u00f3 de dades que correspongui, sent l&#8217;Ag\u00e8ncia Espanyola de Protecci\u00f3 de Dades la indicada en el cas dEspanya.<\/p>\n\n<p>La negativa a proporcionar les dades suposar\u00e0 la no-prestaci\u00f3 o la impossibilitat d&#8217;accedir al servei per als quals eren sol\u00b7licitats. Teniu dret a rebre resposta a qualsevol pregunta, consulta o aclariment que us sorgeixi derivada d&#8217;aquest formulari. <\/p>\n\n<p>Les parts se sotmeten, a la seva elecci\u00f3, per a la resoluci\u00f3 dels conflictes i amb ren\u00fancia a qualsevol altre fur, als jutjats i tribunals del domicili del propietari del lloc web.<\/p>\n<style>.wp-block-kadence-spacer.kt-block-spacer-_6d18a7-7c .kt-block-spacer{height:60px;}.wp-block-kadence-spacer.kt-block-spacer-_6d18a7-7c .kt-divider{border-top-width:1px;height:1px;border-top-color:#eee;width:80%;border-top-style:solid;}<\/style>\n<div class=\"wp-block-kadence-spacer aligncenter kt-block-spacer-_6d18a7-7c\"><div class=\"kt-block-spacer kt-block-spacer-halign-center\"><\/div><\/div>\n","protected":false},"excerpt":{"rendered":"<p>GESTI\u00d3 DE RUNS I CONTENIDORS, SL garanteix la privadesa de les dades de car\u00e0cter personal aportades, segons el Reglament General de Protecci\u00f3 de Dades (RGPD). La visita a aquesta p\u00e0gina web no suposa que l&#8217;usuari estigui obligat a facilitar cap informaci\u00f3 sobre si mateix, per\u00f2 durant la visita \u00e9s possible que se sol\u00b7licitin dades de [&hellip;]<\/p>\n","protected":false},"author":1,"featured_media":0,"parent":0,"menu_order":0,"comment_status":"closed","ping_status":"closed","template":"","meta":{"_coblocks_attr":"","_coblocks_dimensions":"","_coblocks_responsive_height":"","_coblocks_accordion_ie_support":"","_uag_custom_page_level_css":"","kk_blocks_editor_width":"","_kiokenblocks_attr":"","_kiokenblocks_dimensions":"","site-sidebar-layout":"no-sidebar","site-content-layout":"plain-container","ast-site-content-layout":"default","site-content-style":"default","site-sidebar-style":"default","ast-global-header-display":"","ast-banner-title-visibility":"","ast-main-header-display":"","ast-hfb-above-header-display":"","ast-hfb-below-header-display":"","ast-hfb-mobile-header-display":"","site-post-title":"","ast-breadcrumbs-content":"","ast-featured-img":"","footer-sml-layout":"","ast-disable-related-posts":"","theme-transparent-header-meta":"","adv-header-id-meta":"","stick-header-meta":"","header-above-stick-meta":"","header-main-stick-meta":"","header-below-stick-meta":"","astra-migrate-meta-layouts":"default","ast-page-background-enabled":"default","ast-page-background-meta":{"desktop":{"background-color":"var(--ast-global-color-4)","background-image":"","background-repeat":"repeat","background-position":"center center","background-size":"auto","background-attachment":"scroll","background-type":"","background-media":"","overlay-type":"","overlay-color":"","overlay-opacity":"","overlay-gradient":""},"tablet":{"background-color":"","background-image":"","background-repeat":"repeat","background-position":"center center","background-size":"auto","background-attachment":"scroll","background-type":"","background-media":"","overlay-type":"","overlay-color":"","overlay-opacity":"","overlay-gradient":""},"mobile":{"background-color":"","background-image":"","background-repeat":"repeat","background-position":"center center","background-size":"auto","background-attachment":"scroll","background-type":"","background-media":"","overlay-type":"","overlay-color":"","overlay-opacity":"","overlay-gradient":""}},"ast-content-background-meta":{"desktop":{"background-color":"var(--ast-global-color-5)","background-image":"","background-repeat":"repeat","background-position":"center center","background-size":"auto","background-attachment":"scroll","background-type":"","background-media":"","overlay-type":"","overlay-color":"","overlay-opacity":"","overlay-gradient":""},"tablet":{"background-color":"var(--ast-global-color-5)","background-image":"","background-repeat":"repeat","background-position":"center center","background-size":"auto","background-attachment":"scroll","background-type":"","background-media":"","overlay-type":"","overlay-color":"","overlay-opacity":"","overlay-gradient":""},"mobile":{"background-color":"var(--ast-global-color-5)","background-image":"","background-repeat":"repeat","background-position":"center center","background-size":"auto","background-attachment":"scroll","background-type":"","background-media":"","overlay-type":"","overlay-color":"","overlay-opacity":"","overlay-gradient":""}},"footnotes":""},"class_list":["post-1357","page","type-page","status-publish","hentry"],"uagb_featured_image_src":{"full":false,"thumbnail":false,"medium":false,"medium_large":false,"large":false,"1536x1536":false,"2048x2048":false},"uagb_author_info":{"display_name":"empiezapori","author_link":"https:\/\/gencotrade.es\/ca\/author\/empiezapori"},"uagb_comment_info":0,"uagb_excerpt":"GESTI\u00d3 DE RUNS I CONTENIDORS, SL garanteix la privadesa de les dades de car\u00e0cter personal aportades, segons el Reglament General de Protecci\u00f3 de Dades (RGPD). La visita a aquesta p\u00e0gina web no suposa que l&#8217;usuari estigui obligat a facilitar cap informaci\u00f3 sobre si mateix, per\u00f2 durant la visita \u00e9s possible que se sol\u00b7licitin dades de&hellip;","_links":{"self":[{"href":"https:\/\/gencotrade.es\/ca\/wp-json\/wp\/v2\/pages\/1357","targetHints":{"allow":["GET"]}}],"collection":[{"href":"https:\/\/gencotrade.es\/ca\/wp-json\/wp\/v2\/pages"}],"about":[{"href":"https:\/\/gencotrade.es\/ca\/wp-json\/wp\/v2\/types\/page"}],"author":[{"embeddable":true,"href":"https:\/\/gencotrade.es\/ca\/wp-json\/wp\/v2\/users\/1"}],"replies":[{"embeddable":true,"href":"https:\/\/gencotrade.es\/ca\/wp-json\/wp\/v2\/comments?post=1357"}],"version-history":[{"count":3,"href":"https:\/\/gencotrade.es\/ca\/wp-json\/wp\/v2\/pages\/1357\/revisions"}],"predecessor-version":[{"id":5819,"href":"https:\/\/gencotrade.es\/ca\/wp-json\/wp\/v2\/pages\/1357\/revisions\/5819"}],"wp:attachment":[{"href":"https:\/\/gencotrade.es\/ca\/wp-json\/wp\/v2\/media?parent=1357"}],"curies":[{"name":"wp","href":"https:\/\/api.w.org\/{rel}","templated":true}]}}